{"id":959,"date":"2022-12-02T11:32:41","date_gmt":"2022-12-02T11:32:41","guid":{"rendered":"https:\/\/ulukokkursun.com\/?page_id=959"},"modified":"2025-12-07T19:13:14","modified_gmt":"2025-12-07T19:13:14","slug":"baskandan-mesaj","status":"publish","type":"page","link":"https:\/\/ulukokkursun.com\/index.php\/baskandan-mesaj\/","title":{"rendered":"Ba\u015fkandan Mesaj"},"content":{"rendered":"<p>[vc_row][vc_column][vc_single_image image=&#8221;1365&#8243; img_size=&#8221;full&#8221;][vc_empty_space height=&#8221;40px&#8221;][vc_column_text]<\/p>\n<h3 class=\"no-margin-top\">Ba\u015fkandan Mesaj<\/h3>\n<h4><strong>53 Y\u0131ll\u0131k Tecr\u00fcbe<\/strong><\/h4>\n<p>1972 Y\u0131l\u0131nda ba\u015flayan ve 1989 y\u0131l\u0131nda taraf\u0131mca kurulan firmam\u0131z Gaziantep\u2019 de 54 y\u0131ld\u0131r siz de\u011ferli m\u00fc\u015fterilerimize hizmet vermekten b\u00fcy\u00fck onur duyar. Gaziantep ba\u015fta olmak \u00fczere , T\u00fcrkiye\u2019nin her yerinde Kur\u015fun metal ve Ak\u00fc geri d\u00f6n\u00fc\u015f\u00fcm sekt\u00f6r\u00fcndeki her t\u00fcrl\u00fc talebe kar\u015f\u0131l\u0131k vererek \u00e7al\u0131\u015fmalar\u0131m\u0131z\u0131 s\u00fcrd\u00fcrmekteyiz.<br \/>\nTecr\u00fcbe ve Deneyimlerle \u00dclkemizde istihdam sa\u011flamak ve d\u00fcr\u00fcstl\u00fck ilkemizden vazge\u00e7meyerek hizmet etmekten gurur ve onur duyuyoruz.<\/p>\n<p>Y\u00f6netim Kurulu Ba\u015fkan\u0131 <strong>Abd\u00fclkadir \u00c7OPUR<\/strong>[\/vc_column_text][vc_empty_space height=&#8221;15px&#8221;][vc_empty_space height=&#8221;30px&#8221; css=&#8221;.vc_custom_1667588832831{background-color: #15416e !important;}&#8221;][vc_empty_space height=&#8221;15px&#8221;][vc_empty_space height=&#8221;50px&#8221;][\/vc_column][\/vc_row][vc_row][vc_column][vc_column_text]<\/p>\n<p style=\"text-align: center;\"><a class=\"button lg\" href=\"https:\/\/ulukokkursun.com\/index.php\/ulukokkursun-referanslarimiz\/\">Referanslar\u0131m\u0131z<\/a><\/p>\n<p>[\/vc_column_text][\/vc_column][\/vc_row]<\/p>\n","protected":false},"excerpt":{"rendered":"<p>[vc_row][vc_column][vc_single_image image=&#8221;1365&#8243; img_size=&#8221;full&#8221;][vc_empty_space height=&#8221;40px&#8221;][vc_column_text] Ba\u015fkandan Mesaj 53 Y\u0131ll\u0131k Tecr\u00fcbe 1972 Y\u0131l\u0131nda ba\u015flayan ve 1989 y\u0131l\u0131nda taraf\u0131mca kurulan firmam\u0131z Gaziantep\u2019 de y\u0131ld\u0131r siz de\u011ferli m\u00fc\u015fterilerimize hizmet vermekten b\u00fcy\u00fck onur duyar. Gaziantep ba\u015fta olmak \u00fczere , T\u00fcrkiye\u2019nin her yerinde Kur\u015fun metal ve Ak\u00fc geri d\u00f6n\u00fc\u015f\u00fcm sekt\u00f6r\u00fcndeki her t\u00fcrl\u00fc talebe kar\u015f\u0131l\u0131k vererek \u00e7al\u0131\u015fmalar\u0131m\u0131z\u0131 s\u00fcrd\u00fcrmekteyiz. Tecr\u00fcbe ve Deneyimlerle \u00dclkemizde [&hellip;]<\/p>\n","protected":false},"author":1,"featured_media":0,"parent":0,"menu_order":0,"comment_status":"closed","ping_status":"closed","template":"","meta":{"footnotes":""},"class_list":["post-959","page","type-page","status-publish","hentry","no-post-thumbnail"],"yoast_head":"<!-- This site is optimized with the Yoast SEO plugin v27.5 - https:\/\/yoast.com\/product\/yoast-seo-wordpress\/ -->\n<title>Ba\u015fkandan Mesaj - Uluk\u00f6k Kur\u015fun<\/title>\n<meta name=\"description\" content=\"Kur\u015fun Levha sekt\u00f6r\u00fcnde 47 y\u0131ll\u0131k tecr\u00fcbeye kalite ve d\u00fcr\u00fcstl\u00fck. Sekt\u00f6rde en saf ve uzun \u00f6m\u00fcrl\u00fc kur\u015funu \u00fcretmesiyle an\u0131lmaktad\u0131r.\" \/>\n<meta name=\"robots\" content=\"index, follow, max-snippet:-1, max-image-preview:large, max-video-preview:-1\" \/>\n<link rel=\"canonical\" href=\"https:\/\/ulukokkursun.com\/index.php\/baskandan-mesaj\/\" \/>\n<meta property=\"og:locale\" content=\"tr_TR\" \/>\n<meta property=\"og:type\" content=\"article\" \/>\n<meta property=\"og:title\" content=\"Ba\u015fkandan Mesaj - Uluk\u00f6k Kur\u015fun\" \/>\n<meta property=\"og:description\" content=\"Kur\u015fun Levha sekt\u00f6r\u00fcnde 47 y\u0131ll\u0131k tecr\u00fcbeye kalite ve d\u00fcr\u00fcstl\u00fck. Sekt\u00f6rde en saf ve uzun \u00f6m\u00fcrl\u00fc kur\u015funu \u00fcretmesiyle an\u0131lmaktad\u0131r.\" \/>\n<meta property=\"og:url\" content=\"https:\/\/ulukokkursun.com\/index.php\/baskandan-mesaj\/\" \/>\n<meta property=\"og:site_name\" content=\"Uluk\u00f6k Kur\u015fun\" \/>\n<meta property=\"article:modified_time\" content=\"2025-12-07T19:13:14+00:00\" \/>\n<meta name=\"twitter:card\" content=\"summary_large_image\" \/>\n<meta name=\"twitter:label1\" content=\"Tahmini okuma s\u00fcresi\" \/>\n\t<meta name=\"twitter:data1\" content=\"1 dakika\" \/>\n<script type=\"application\/ld+json\" class=\"yoast-schema-graph\">{\"@context\":\"https:\\\/\\\/schema.org\",\"@graph\":[{\"@type\":\"WebPage\",\"@id\":\"https:\\\/\\\/ulukokkursun.com\\\/index.php\\\/baskandan-mesaj\\\/\",\"url\":\"https:\\\/\\\/ulukokkursun.com\\\/index.php\\\/baskandan-mesaj\\\/\",\"name\":\"Ba\u015fkandan Mesaj - Uluk\u00f6k Kur\u015fun\",\"isPartOf\":{\"@id\":\"https:\\\/\\\/ulukokkursun.com\\\/#website\"},\"datePublished\":\"2022-12-02T11:32:41+00:00\",\"dateModified\":\"2025-12-07T19:13:14+00:00\",\"description\":\"Kur\u015fun Levha sekt\u00f6r\u00fcnde 47 y\u0131ll\u0131k tecr\u00fcbeye kalite ve d\u00fcr\u00fcstl\u00fck. Sekt\u00f6rde en saf ve uzun \u00f6m\u00fcrl\u00fc kur\u015funu \u00fcretmesiyle an\u0131lmaktad\u0131r.\",\"breadcrumb\":{\"@id\":\"https:\\\/\\\/ulukokkursun.com\\\/index.php\\\/baskandan-mesaj\\\/#breadcrumb\"},\"inLanguage\":\"tr\",\"potentialAction\":[{\"@type\":\"ReadAction\",\"target\":[\"https:\\\/\\\/ulukokkursun.com\\\/index.php\\\/baskandan-mesaj\\\/\"]}]},{\"@type\":\"BreadcrumbList\",\"@id\":\"https:\\\/\\\/ulukokkursun.com\\\/index.php\\\/baskandan-mesaj\\\/#breadcrumb\",\"itemListElement\":[{\"@type\":\"ListItem\",\"position\":1,\"name\":\"Anasayfa\",\"item\":\"https:\\\/\\\/ulukokkursun.com\\\/\"},{\"@type\":\"ListItem\",\"position\":2,\"name\":\"Ba\u015fkandan Mesaj\"}]},{\"@type\":\"WebSite\",\"@id\":\"https:\\\/\\\/ulukokkursun.com\\\/#website\",\"url\":\"https:\\\/\\\/ulukokkursun.com\\\/\",\"name\":\"Uluk\u00f6k Kur\u015fun\",\"description\":\"Huda Ak\u00fc, Kur\u015fun Levha\",\"potentialAction\":[{\"@type\":\"SearchAction\",\"target\":{\"@type\":\"EntryPoint\",\"urlTemplate\":\"https:\\\/\\\/ulukokkursun.com\\\/?s={search_term_string}\"},\"query-input\":{\"@type\":\"PropertyValueSpecification\",\"valueRequired\":true,\"valueName\":\"search_term_string\"}}],\"inLanguage\":\"tr\"}]}<\/script>\n<!-- \/ Yoast SEO plugin. -->","yoast_head_json":{"title":"Ba\u015fkandan Mesaj - Uluk\u00f6k Kur\u015fun","description":"Kur\u015fun Levha sekt\u00f6r\u00fcnde 47 y\u0131ll\u0131k tecr\u00fcbeye kalite ve d\u00fcr\u00fcstl\u00fck. Sekt\u00f6rde en saf ve uzun \u00f6m\u00fcrl\u00fc kur\u015funu \u00fcretmesiyle an\u0131lmaktad\u0131r.","robots":{"index":"index","follow":"follow","max-snippet":"max-snippet:-1","max-image-preview":"max-image-preview:large","max-video-preview":"max-video-preview:-1"},"canonical":"https:\/\/ulukokkursun.com\/index.php\/baskandan-mesaj\/","og_locale":"tr_TR","og_type":"article","og_title":"Ba\u015fkandan Mesaj - Uluk\u00f6k Kur\u015fun","og_description":"Kur\u015fun Levha sekt\u00f6r\u00fcnde 47 y\u0131ll\u0131k tecr\u00fcbeye kalite ve d\u00fcr\u00fcstl\u00fck. Sekt\u00f6rde en saf ve uzun \u00f6m\u00fcrl\u00fc kur\u015funu \u00fcretmesiyle an\u0131lmaktad\u0131r.","og_url":"https:\/\/ulukokkursun.com\/index.php\/baskandan-mesaj\/","og_site_name":"Uluk\u00f6k Kur\u015fun","article_modified_time":"2025-12-07T19:13:14+00:00","twitter_card":"summary_large_image","twitter_misc":{"Tahmini okuma s\u00fcresi":"1 dakika"},"schema":{"@context":"https:\/\/schema.org","@graph":[{"@type":"WebPage","@id":"https:\/\/ulukokkursun.com\/index.php\/baskandan-mesaj\/","url":"https:\/\/ulukokkursun.com\/index.php\/baskandan-mesaj\/","name":"Ba\u015fkandan Mesaj - Uluk\u00f6k Kur\u015fun","isPartOf":{"@id":"https:\/\/ulukokkursun.com\/#website"},"datePublished":"2022-12-02T11:32:41+00:00","dateModified":"2025-12-07T19:13:14+00:00","description":"Kur\u015fun Levha sekt\u00f6r\u00fcnde 47 y\u0131ll\u0131k tecr\u00fcbeye kalite ve d\u00fcr\u00fcstl\u00fck. Sekt\u00f6rde en saf ve uzun \u00f6m\u00fcrl\u00fc kur\u015funu \u00fcretmesiyle an\u0131lmaktad\u0131r.","breadcrumb":{"@id":"https:\/\/ulukokkursun.com\/index.php\/baskandan-mesaj\/#breadcrumb"},"inLanguage":"tr","potentialAction":[{"@type":"ReadAction","target":["https:\/\/ulukokkursun.com\/index.php\/baskandan-mesaj\/"]}]},{"@type":"BreadcrumbList","@id":"https:\/\/ulukokkursun.com\/index.php\/baskandan-mesaj\/#breadcrumb","itemListElement":[{"@type":"ListItem","position":1,"name":"Anasayfa","item":"https:\/\/ulukokkursun.com\/"},{"@type":"ListItem","position":2,"name":"Ba\u015fkandan Mesaj"}]},{"@type":"WebSite","@id":"https:\/\/ulukokkursun.com\/#website","url":"https:\/\/ulukokkursun.com\/","name":"Uluk\u00f6k Kur\u015fun","description":"Huda Ak\u00fc, Kur\u015fun Levha","potentialAction":[{"@type":"SearchAction","target":{"@type":"EntryPoint","urlTemplate":"https:\/\/ulukokkursun.com\/?s={search_term_string}"},"query-input":{"@type":"PropertyValueSpecification","valueRequired":true,"valueName":"search_term_string"}}],"inLanguage":"tr"}]}},"_links":{"self":[{"href":"https:\/\/ulukokkursun.com\/index.php\/wp-json\/wp\/v2\/pages\/959","targetHints":{"allow":["GET"]}}],"collection":[{"href":"https:\/\/ulukokkursun.com\/index.php\/wp-json\/wp\/v2\/pages"}],"about":[{"href":"https:\/\/ulukokkursun.com\/index.php\/wp-json\/wp\/v2\/types\/page"}],"author":[{"embeddable":true,"href":"https:\/\/ulukokkursun.com\/index.php\/wp-json\/wp\/v2\/users\/1"}],"replies":[{"embeddable":true,"href":"https:\/\/ulukokkursun.com\/index.php\/wp-json\/wp\/v2\/comments?post=959"}],"version-history":[{"count":8,"href":"https:\/\/ulukokkursun.com\/index.php\/wp-json\/wp\/v2\/pages\/959\/revisions"}],"predecessor-version":[{"id":1366,"href":"https:\/\/ulukokkursun.com\/index.php\/wp-json\/wp\/v2\/pages\/959\/revisions\/1366"}],"wp:attachment":[{"href":"https:\/\/ulukokkursun.com\/index.php\/wp-json\/wp\/v2\/media?parent=959"}],"curies":[{"name":"wp","href":"https:\/\/api.w.org\/{rel}","templated":true}]}}