{"id":928,"date":"2022-11-28T08:58:34","date_gmt":"2022-11-28T08:58:34","guid":{"rendered":"https:\/\/ulukokkursun.com\/?page_id=928"},"modified":"2022-11-28T10:31:22","modified_gmt":"2022-11-28T10:31:22","slug":"2-mm-kursun-levha-fiyati-ve-agirligi","status":"publish","type":"page","link":"https:\/\/ulukokkursun.com\/index.php\/2-mm-kursun-levha-fiyati-ve-agirligi\/","title":{"rendered":"2 mm Kur\u015fun Levha Fiyat\u0131 ve A\u011f\u0131rl\u0131\u011f\u0131"},"content":{"rendered":"<p>2 mm Kur\u015fun Levha Fiyat\u0131 ve A\u011f\u0131rl\u0131\u011f\u0131<\/p>\n<p>Kur\u015fun levha \u00f6l\u00e7\u00fcleri kullan\u0131m ama\u00e7lar\u0131na g\u00f6re \u00e7e\u015fitlilik g\u00f6stermektedir ;<\/p>\n<p><a href=\"https:\/\/ulukokkursun.com\/index.php\/kursun-levha\/\">Kur\u015fun levha<\/a> kal\u0131nl\u0131\u011f\u0131 : 0,8 mm den 5 cm ye kadar d\u00f6k\u00fcm yap\u0131labilir. Kur\u015fun levha eni : 20cm den 120 cm ye kadar kesim yap\u0131labilir. Camilerde kur\u015fun levha \u00f6l\u00e7\u00fc kal\u0131nl\u0131\u011f\u0131 1,5mm den 2mm ye kadar olmak zorundad\u0131r. Kur\u015fun levha en \u00f6l\u00e7\u00fcs\u00fc 100 cm , Kur\u015fun levha boy \u00f6l\u00e7\u00fcs\u00fc maksimum 200 cm dir. R\u00f6ntgen odalar\u0131nda kur\u015fun levha \u00f6l\u00e7\u00fcleri \u015fartname ve uygulama alan\u0131na g\u00f6re de\u011fi\u015fiklik g\u00f6sterebilir. 2 mm kur\u015fun levha fiyat\u0131 hesaplan\u0131rken kal\u0131nl\u0131k, en ve boya g\u00f6re hesaplanmaktad\u0131r.<\/p>\n<p>Camilerde genellikle 1mm kur\u015fun levhadan daha kal\u0131nlar\u0131 kullan\u0131l\u0131r.<\/p>\n<p>Kur\u015fun levhalar hakk\u0131nda daha fazla bilgi i\u00e7in <a href=\"https:\/\/ulukokkursun.com\/index.php\/ulukok-kursun-iletisim\/\">ileti\u015fime<\/a> ge\u00e7ebilirsiniz.<\/p>\n<p><a href=\"https:\/\/tr.wikipedia.org\/wiki\/Cami\">Camilerde<\/a> kur\u015fun levha standart \u00f6l\u00e7\u00fc ve a\u011f\u0131rl\u0131klar\u0131 ;<\/p>\n<p>100 cm x 160 cm x 1,5 mm = 28 kg<br \/>\n100 cm x 160 cm x 1,7 mm = 32 kg<br \/>\n100 cm x 160 cm x 2 mm = 37 kg<br \/>\n100 cm x 200 cm x 1,5 mm = 34 kg<br \/>\n100 cm x 200 cm x 1,7 mm = 38 kg<br \/>\n100 cm x 200 cm x 2 mm = 46 kg<\/p>\n<p>2 mm kur\u015fun levha fiyat\u0131 g\u00fcncel olarak <a href=\"https:\/\/ulukokkursun.com\/\">firmam\u0131z<\/a>dan \u00f6\u011frenebilirsiniz.<\/p>\n<p><a href=\"https:\/\/tr.wikipedia.org\/wiki\/Kur%C5%9Fun\"><strong>Kur\u015fun Nedir ?<\/strong><\/a><\/p>\n<p>Kur\u015fun atom numaras\u0131 82 ve atom k\u00fctlesi 207,19 olan mavi-g\u00fcm\u00fc\u015f rengi kar\u0131\u015f\u0131m\u0131 bir elementtir. 327,5 \u00b0C de erir ve 1740 \u00b0C de kaynar. Do\u011fada, k\u00fctle numaralar\u0131 208, 206, 207 ve 204 olmak \u00fczere 4 izotopu vard\u0131r.<\/p>\n<p><strong>Kur\u015fun Kullan\u0131m Alanlar\u0131<\/strong><\/p>\n<p>Camiler, Bal\u0131k\u00e7\u0131l\u0131k, \u00c7at\u0131 Kaplama, Ak\u00fc imali, Kablo izolasyonu, Madde ve di\u011fer \u00fcr\u00fcnler, M\u00fchimmat, Ala\u015f\u0131mlar, Kimyasal maddeler ve pigmentler, Radyasyon yal\u0131t\u0131mlar\u0131.<\/p>\n<p>Ultrason odalar\u0131, R\u00f6ntgen odalar\u0131 ve X-Ray \u0131\u015f\u0131nlar\u0131n\u0131n kullan\u0131ld\u0131\u011f\u0131 t\u00fcm kapal\u0131 alanlarda kullan\u0131lmak \u00fczere; Kur\u015fun panel, kur\u015fun tu\u011fla, Kur\u015fun cam, Kur\u015fun kap\u0131 imalat\u0131 ve izolasyonu sa\u011flanmaktad\u0131r.<\/p>\n<p><strong>Kur\u015fun levhalar\u0131n fiyatlar\u0131 neye g\u00f6re belirlenir?<\/strong><\/p>\n<p>Kur\u015fun Levhalar her boyda ve her kal\u0131nl\u0131kta kullan\u0131m amac\u0131na \u00f6zel olarak dizayn edilmekte ve insanlara \/ i\u015fletmelere sunulmaktad\u0131r. Kur\u015fun levha fiyatlar\u0131 da \u00fcr\u00fcnlerin yap\u0131s\u0131na g\u00f6re, kesit ve boyutuna g\u00f6re de\u011fi\u015fiklik g\u00f6sterebilmektedir.<\/p>\n<p><strong>Ses Yal\u0131t\u0131m\u0131<\/strong><\/p>\n<p>Ses Yal\u0131t\u0131m\u0131, g\u00fcr\u00fclt\u00fc kirlili\u011finin oldu\u011fu bir d\u00fcnyada \u00f6nemli bir yer tutmaktad\u0131r. Kur\u015fun Levha en iyi ses yal\u0131t\u0131m\u0131n\u0131 ve akusti\u011fini sa\u011flayan metallerden biridir. Kur\u015fun, kendi ad\u0131na son derece etkili bariyer maddesidir.\u00a0<a href=\"https:\/\/ulukokkursun.com\/index.php\/hakkimizda\/\">ULUK\u00d6K KUR\u015eUN<\/a>\u2018un \u00fcretti\u011fi kur\u015fun levhalar ses yal\u0131t\u0131m\u0131nda \u00f6nemli ve geni\u015f yer tutmaktad\u0131r.<\/p>\n","protected":false},"excerpt":{"rendered":"<p>2 mm Kur\u015fun Levha Fiyat\u0131 ve A\u011f\u0131rl\u0131\u011f\u0131 Kur\u015fun levha \u00f6l\u00e7\u00fcleri kullan\u0131m ama\u00e7lar\u0131na g\u00f6re \u00e7e\u015fitlilik g\u00f6stermektedir ; Kur\u015fun levha kal\u0131nl\u0131\u011f\u0131 : 0,8 mm den 5 cm ye kadar d\u00f6k\u00fcm yap\u0131labilir. Kur\u015fun levha eni : 20cm den 120 cm ye kadar kesim yap\u0131labilir. Camilerde kur\u015fun levha \u00f6l\u00e7\u00fc kal\u0131nl\u0131\u011f\u0131 1,5mm den 2mm ye kadar olmak zorundad\u0131r. Kur\u015fun levha [&hellip;]<\/p>\n","protected":false},"author":1,"featured_media":931,"parent":0,"menu_order":0,"comment_status":"closed","ping_status":"closed","template":"","meta":{"footnotes":""},"class_list":["post-928","page","type-page","status-publish","has-post-thumbnail","hentry"],"yoast_head":"<!-- This site is optimized with the Yoast SEO plugin v26.5 - https:\/\/yoast.com\/wordpress\/plugins\/seo\/ -->\n<title>2 mm Kur\u015fun Levha Fiyat\u0131 ve A\u011f\u0131rl\u0131\u011f\u0131 - Uluk\u00f6k Kur\u015fun<\/title>\n<meta name=\"description\" content=\"2 mm kur\u015fun levha fiyat\u0131 ve a\u011f\u0131rl\u0131\u011f\u0131. Kur\u015fun levha kal\u0131nl\u0131\u011f\u0131 : 0,8 mm den 5 cm ye kadar d\u00f6k\u00fcm yap\u0131labilir. Y\u00fcksek safl\u0131kta kur\u015fun levha.\" \/>\n<meta name=\"robots\" content=\"index, follow, max-snippet:-1, max-image-preview:large, max-video-preview:-1\" \/>\n<link rel=\"canonical\" href=\"https:\/\/ulukokkursun.com\/index.php\/2-mm-kursun-levha-fiyati-ve-agirligi\/\" \/>\n<meta property=\"og:locale\" content=\"tr_TR\" \/>\n<meta property=\"og:type\" content=\"article\" \/>\n<meta property=\"og:title\" content=\"2 mm Kur\u015fun Levha Fiyat\u0131 ve A\u011f\u0131rl\u0131\u011f\u0131 - Uluk\u00f6k Kur\u015fun\" \/>\n<meta property=\"og:description\" content=\"2 mm kur\u015fun levha fiyat\u0131 ve a\u011f\u0131rl\u0131\u011f\u0131. Kur\u015fun levha kal\u0131nl\u0131\u011f\u0131 : 0,8 mm den 5 cm ye kadar d\u00f6k\u00fcm yap\u0131labilir. Y\u00fcksek safl\u0131kta kur\u015fun levha.\" \/>\n<meta property=\"og:url\" content=\"https:\/\/ulukokkursun.com\/index.php\/2-mm-kursun-levha-fiyati-ve-agirligi\/\" \/>\n<meta property=\"og:site_name\" content=\"Uluk\u00f6k Kur\u015fun\" \/>\n<meta property=\"article:modified_time\" content=\"2022-11-28T10:31:22+00:00\" \/>\n<meta property=\"og:image\" content=\"https:\/\/ulukokkursun.com\/wp-content\/uploads\/2022\/11\/1mm-kursunlevha-1.jpg\" \/>\n\t<meta property=\"og:image:width\" content=\"680\" \/>\n\t<meta property=\"og:image:height\" content=\"471\" \/>\n\t<meta property=\"og:image:type\" content=\"image\/jpeg\" \/>\n<meta name=\"twitter:card\" content=\"summary_large_image\" \/>\n<meta name=\"twitter:label1\" content=\"Tahmini okuma s\u00fcresi\" \/>\n\t<meta name=\"twitter:data1\" content=\"3 dakika\" \/>\n<script type=\"application\/ld+json\" class=\"yoast-schema-graph\">{\"@context\":\"https:\/\/schema.org\",\"@graph\":[{\"@type\":\"WebPage\",\"@id\":\"https:\/\/ulukokkursun.com\/index.php\/2-mm-kursun-levha-fiyati-ve-agirligi\/\",\"url\":\"https:\/\/ulukokkursun.com\/index.php\/2-mm-kursun-levha-fiyati-ve-agirligi\/\",\"name\":\"2 mm Kur\u015fun Levha Fiyat\u0131 ve A\u011f\u0131rl\u0131\u011f\u0131 - Uluk\u00f6k Kur\u015fun\",\"isPartOf\":{\"@id\":\"https:\/\/ulukokkursun.com\/#website\"},\"primaryImageOfPage\":{\"@id\":\"https:\/\/ulukokkursun.com\/index.php\/2-mm-kursun-levha-fiyati-ve-agirligi\/#primaryimage\"},\"image\":{\"@id\":\"https:\/\/ulukokkursun.com\/index.php\/2-mm-kursun-levha-fiyati-ve-agirligi\/#primaryimage\"},\"thumbnailUrl\":\"https:\/\/ulukokkursun.com\/wp-content\/uploads\/2022\/11\/1mm-kursunlevha-1.jpg\",\"datePublished\":\"2022-11-28T08:58:34+00:00\",\"dateModified\":\"2022-11-28T10:31:22+00:00\",\"description\":\"2 mm kur\u015fun levha fiyat\u0131 ve a\u011f\u0131rl\u0131\u011f\u0131. Kur\u015fun levha kal\u0131nl\u0131\u011f\u0131 : 0,8 mm den 5 cm ye kadar d\u00f6k\u00fcm yap\u0131labilir. Y\u00fcksek safl\u0131kta kur\u015fun levha.\",\"breadcrumb\":{\"@id\":\"https:\/\/ulukokkursun.com\/index.php\/2-mm-kursun-levha-fiyati-ve-agirligi\/#breadcrumb\"},\"inLanguage\":\"tr\",\"potentialAction\":[{\"@type\":\"ReadAction\",\"target\":[\"https:\/\/ulukokkursun.com\/index.php\/2-mm-kursun-levha-fiyati-ve-agirligi\/\"]}]},{\"@type\":\"ImageObject\",\"inLanguage\":\"tr\",\"@id\":\"https:\/\/ulukokkursun.com\/index.php\/2-mm-kursun-levha-fiyati-ve-agirligi\/#primaryimage\",\"url\":\"https:\/\/ulukokkursun.com\/wp-content\/uploads\/2022\/11\/1mm-kursunlevha-1.jpg\",\"contentUrl\":\"https:\/\/ulukokkursun.com\/wp-content\/uploads\/2022\/11\/1mm-kursunlevha-1.jpg\",\"width\":680,\"height\":471,\"caption\":\"2 mm kur\u015fun levha fiyat\u0131\"},{\"@type\":\"BreadcrumbList\",\"@id\":\"https:\/\/ulukokkursun.com\/index.php\/2-mm-kursun-levha-fiyati-ve-agirligi\/#breadcrumb\",\"itemListElement\":[{\"@type\":\"ListItem\",\"position\":1,\"name\":\"Anasayfa\",\"item\":\"https:\/\/ulukokkursun.com\/\"},{\"@type\":\"ListItem\",\"position\":2,\"name\":\"2 mm Kur\u015fun Levha Fiyat\u0131 ve A\u011f\u0131rl\u0131\u011f\u0131\"}]},{\"@type\":\"WebSite\",\"@id\":\"https:\/\/ulukokkursun.com\/#website\",\"url\":\"https:\/\/ulukokkursun.com\/\",\"name\":\"Uluk\u00f6k Kur\u015fun\",\"description\":\"Huda Ak\u00fc, Kur\u015fun Levha\",\"potentialAction\":[{\"@type\":\"SearchAction\",\"target\":{\"@type\":\"EntryPoint\",\"urlTemplate\":\"https:\/\/ulukokkursun.com\/?s={search_term_string}\"},\"query-input\":{\"@type\":\"PropertyValueSpecification\",\"valueRequired\":true,\"valueName\":\"search_term_string\"}}],\"inLanguage\":\"tr\"}]}<\/script>\n<!-- \/ Yoast SEO plugin. -->","yoast_head_json":{"title":"2 mm Kur\u015fun Levha Fiyat\u0131 ve A\u011f\u0131rl\u0131\u011f\u0131 - Uluk\u00f6k Kur\u015fun","description":"2 mm kur\u015fun levha fiyat\u0131 ve a\u011f\u0131rl\u0131\u011f\u0131. Kur\u015fun levha kal\u0131nl\u0131\u011f\u0131 : 0,8 mm den 5 cm ye kadar d\u00f6k\u00fcm yap\u0131labilir. Y\u00fcksek safl\u0131kta kur\u015fun levha.","robots":{"index":"index","follow":"follow","max-snippet":"max-snippet:-1","max-image-preview":"max-image-preview:large","max-video-preview":"max-video-preview:-1"},"canonical":"https:\/\/ulukokkursun.com\/index.php\/2-mm-kursun-levha-fiyati-ve-agirligi\/","og_locale":"tr_TR","og_type":"article","og_title":"2 mm Kur\u015fun Levha Fiyat\u0131 ve A\u011f\u0131rl\u0131\u011f\u0131 - Uluk\u00f6k Kur\u015fun","og_description":"2 mm kur\u015fun levha fiyat\u0131 ve a\u011f\u0131rl\u0131\u011f\u0131. Kur\u015fun levha kal\u0131nl\u0131\u011f\u0131 : 0,8 mm den 5 cm ye kadar d\u00f6k\u00fcm yap\u0131labilir. Y\u00fcksek safl\u0131kta kur\u015fun levha.","og_url":"https:\/\/ulukokkursun.com\/index.php\/2-mm-kursun-levha-fiyati-ve-agirligi\/","og_site_name":"Uluk\u00f6k Kur\u015fun","article_modified_time":"2022-11-28T10:31:22+00:00","og_image":[{"width":680,"height":471,"url":"https:\/\/ulukokkursun.com\/wp-content\/uploads\/2022\/11\/1mm-kursunlevha-1.jpg","type":"image\/jpeg"}],"twitter_card":"summary_large_image","twitter_misc":{"Tahmini okuma s\u00fcresi":"3 dakika"},"schema":{"@context":"https:\/\/schema.org","@graph":[{"@type":"WebPage","@id":"https:\/\/ulukokkursun.com\/index.php\/2-mm-kursun-levha-fiyati-ve-agirligi\/","url":"https:\/\/ulukokkursun.com\/index.php\/2-mm-kursun-levha-fiyati-ve-agirligi\/","name":"2 mm Kur\u015fun Levha Fiyat\u0131 ve A\u011f\u0131rl\u0131\u011f\u0131 - Uluk\u00f6k Kur\u015fun","isPartOf":{"@id":"https:\/\/ulukokkursun.com\/#website"},"primaryImageOfPage":{"@id":"https:\/\/ulukokkursun.com\/index.php\/2-mm-kursun-levha-fiyati-ve-agirligi\/#primaryimage"},"image":{"@id":"https:\/\/ulukokkursun.com\/index.php\/2-mm-kursun-levha-fiyati-ve-agirligi\/#primaryimage"},"thumbnailUrl":"https:\/\/ulukokkursun.com\/wp-content\/uploads\/2022\/11\/1mm-kursunlevha-1.jpg","datePublished":"2022-11-28T08:58:34+00:00","dateModified":"2022-11-28T10:31:22+00:00","description":"2 mm kur\u015fun levha fiyat\u0131 ve a\u011f\u0131rl\u0131\u011f\u0131. Kur\u015fun levha kal\u0131nl\u0131\u011f\u0131 : 0,8 mm den 5 cm ye kadar d\u00f6k\u00fcm yap\u0131labilir. Y\u00fcksek safl\u0131kta kur\u015fun levha.","breadcrumb":{"@id":"https:\/\/ulukokkursun.com\/index.php\/2-mm-kursun-levha-fiyati-ve-agirligi\/#breadcrumb"},"inLanguage":"tr","potentialAction":[{"@type":"ReadAction","target":["https:\/\/ulukokkursun.com\/index.php\/2-mm-kursun-levha-fiyati-ve-agirligi\/"]}]},{"@type":"ImageObject","inLanguage":"tr","@id":"https:\/\/ulukokkursun.com\/index.php\/2-mm-kursun-levha-fiyati-ve-agirligi\/#primaryimage","url":"https:\/\/ulukokkursun.com\/wp-content\/uploads\/2022\/11\/1mm-kursunlevha-1.jpg","contentUrl":"https:\/\/ulukokkursun.com\/wp-content\/uploads\/2022\/11\/1mm-kursunlevha-1.jpg","width":680,"height":471,"caption":"2 mm kur\u015fun levha fiyat\u0131"},{"@type":"BreadcrumbList","@id":"https:\/\/ulukokkursun.com\/index.php\/2-mm-kursun-levha-fiyati-ve-agirligi\/#breadcrumb","itemListElement":[{"@type":"ListItem","position":1,"name":"Anasayfa","item":"https:\/\/ulukokkursun.com\/"},{"@type":"ListItem","position":2,"name":"2 mm Kur\u015fun Levha Fiyat\u0131 ve A\u011f\u0131rl\u0131\u011f\u0131"}]},{"@type":"WebSite","@id":"https:\/\/ulukokkursun.com\/#website","url":"https:\/\/ulukokkursun.com\/","name":"Uluk\u00f6k Kur\u015fun","description":"Huda Ak\u00fc, Kur\u015fun Levha","potentialAction":[{"@type":"SearchAction","target":{"@type":"EntryPoint","urlTemplate":"https:\/\/ulukokkursun.com\/?s={search_term_string}"},"query-input":{"@type":"PropertyValueSpecification","valueRequired":true,"valueName":"search_term_string"}}],"inLanguage":"tr"}]}},"_links":{"self":[{"href":"https:\/\/ulukokkursun.com\/index.php\/wp-json\/wp\/v2\/pages\/928","targetHints":{"allow":["GET"]}}],"collection":[{"href":"https:\/\/ulukokkursun.com\/index.php\/wp-json\/wp\/v2\/pages"}],"about":[{"href":"https:\/\/ulukokkursun.com\/index.php\/wp-json\/wp\/v2\/types\/page"}],"author":[{"embeddable":true,"href":"https:\/\/ulukokkursun.com\/index.php\/wp-json\/wp\/v2\/users\/1"}],"replies":[{"embeddable":true,"href":"https:\/\/ulukokkursun.com\/index.php\/wp-json\/wp\/v2\/comments?post=928"}],"version-history":[{"count":4,"href":"https:\/\/ulukokkursun.com\/index.php\/wp-json\/wp\/v2\/pages\/928\/revisions"}],"predecessor-version":[{"id":943,"href":"https:\/\/ulukokkursun.com\/index.php\/wp-json\/wp\/v2\/pages\/928\/revisions\/943"}],"wp:featuredmedia":[{"embeddable":true,"href":"https:\/\/ulukokkursun.com\/index.php\/wp-json\/wp\/v2\/media\/931"}],"wp:attachment":[{"href":"https:\/\/ulukokkursun.com\/index.php\/wp-json\/wp\/v2\/media?parent=928"}],"curies":[{"name":"wp","href":"https:\/\/api.w.org\/{rel}","templated":true}]}}