{"id":7,"date":"2016-04-12T10:02:54","date_gmt":"2016-04-12T10:02:54","guid":{"rendered":"https:\/\/ulukokkursun.com\/?page_id=7"},"modified":"2026-05-01T11:09:04","modified_gmt":"2026-05-01T11:09:04","slug":"ulukok-kursun-hakkimizda","status":"publish","type":"page","link":"https:\/\/ulukokkursun.com\/index.php\/ulukok-kursun-hakkimizda\/","title":{"rendered":"Hakk\u0131m\u0131zda"},"content":{"rendered":"<p>[vc_row][vc_column][vc_gallery type=&#8221;flexslider_slide&#8221; interval=&#8221;0&#8243; images=&#8221;1164,1169,1163,1160,1165,1171,966&#8243; img_size=&#8221;full&#8221; onclick=&#8221;&#8221;][vc_empty_space height=&#8221;40px&#8221;][vc_column_text]<\/p>\n<h3 class=\"no-margin-top\">Hakk\u0131m\u0131zda<\/h3>\n<h4><strong>Sekt\u00f6rde Uzman Deneyim<\/strong><\/h4>\n<p>Uluk\u00f6k Kur\u015fun Ltd. \u015eti. 1972 y\u0131l\u0131nda ba\u015flad\u0131\u011f\u0131m\u0131z yolculu\u011fumuz her ge\u00e7en y\u0131l katlanarak devam etmekte ve \u00fclke ekonomimize daha \u00e7ok katma de\u011fer olu\u015fturmay\u0131 hedeflemekteyiz. Misyonumuz \u00e7evreye duyarl\u0131, katma de\u011feri y\u00fcksek \u00fcr\u00fcnler \u00fcreterek toplumumuza faydal\u0131 olmakt\u0131r. Vizyonumuz kur\u015fundan mam\u00fcl \u00fcr\u00fcnlerin geri d\u00f6n\u00fc\u015f\u00fcm\u00fcn\u00fc ger\u00e7ekle\u015ftirmek suretiyle \u00e7evre dostu olmak ve geri d\u00f6n\u00fc\u015ft\u00fcrd\u00fc\u011f\u00fcm\u00fcz \u00fcr\u00fcnlerden katma de\u011feri y\u00fcksek nihai \u00fcr\u00fcnler \u00fcretmektir.<br \/>\nUluk\u00f6k Kur\u015fun Ltd. \u015eti. at\u0131k ak\u00fc toplama ve toplad\u0131\u011f\u0131 at\u0131k ak\u00fcleri geri d\u00f6n\u00fc\u015ft\u00fcrme i\u015fi ile i\u015ftigal etmektedir. Gaziantep&#8217;de bulunan firmam\u0131z y\u0131lda 27.000 ton hurda ak\u00fc geri d\u00f6n\u00fc\u015ft\u00fcrme kapasitesi ile \u00fclkemizin say\u0131l\u0131 geri d\u00f6n\u00fc\u015f\u00fcm firmalar\u0131ndan biridir.<br \/>\n%100 yerli sermaye olan firmam\u0131z 56 ki\u015fiye direkt istihdam sa\u011flamaktad\u0131r.<\/p>\n<p>Y\u00f6netim Kurulu Ba\u015fkan\u0131 <strong>Abdulkadir \u00c7OPUR<\/strong><br \/>\nY\u00f6netim Kurulu \u00dcyesi <strong>Av. Muhittin \u00c7OPUR<\/strong><\/p>\n<p>[\/vc_column_text][vc_empty_space height=&#8221;15px&#8221;][vc_empty_space height=&#8221;30px&#8221; css=&#8221;.vc_custom_1667588832831{background-color: #15416e !important;}&#8221;][vc_empty_space height=&#8221;15px&#8221;][vc_column_text]<\/p>\n<h4 class=\"no-margin-top\">Neden Biz?<\/h4>\n<p>1972 y\u0131l\u0131ndan Uluk\u00f6k Kur\u015fun Ltd. \u015eti. ad\u0131 alt\u0131nda, T\u00fcrkiye\u2019 nin en eski Kur\u015fun firmas\u0131 olarak kur\u015fun \u00fcr\u00fcnleri gereksinimi \u00f6ncelikle \u201ckur\u015funda y\u00fcksek kalite\u201d hedefiyle kar\u015f\u0131layan \u015firketimiz, 2026 y\u0131l\u0131nda 54 y\u0131ll\u0131k deneyim ve teknolojiyi birle\u015ftirerek, Uluk\u00f6k Kur\u015fun Ltd. \u015eti. ad\u0131 alt\u0131nda kaliteyi en \u00fcst d\u00fczeyde sunmak \u00fczere yeniden yap\u0131lanm\u0131\u015ft\u0131r.[\/vc_column_text][vc_empty_space height=&#8221;15px&#8221;][vc_empty_space height=&#8221;30px&#8221; css=&#8221;.vc_custom_1667588857115{background-color: #15416e !important;}&#8221;][vc_empty_space height=&#8221;15px&#8221;][vc_row_inner][vc_column_inner width=&#8221;1\/2&#8243;][vc_column_text]<\/p>\n<h4 class=\"no-margin-top\">Neden Farkl\u0131y\u0131z?<\/h4>\n<p>Uluk\u00f6k Kur\u015fun Ltd. \u015eti. \u015firketler ve ustalar taraf\u0131ndan, 54 y\u0131ld\u0131r en saf ve uzun \u00f6m\u00fcrl\u00fc kur\u015funu \u00fcretmesiyle an\u0131lmakta ve bu iddias\u0131n\u0131 s\u00fcrd\u00fcrmektedir.<\/p>\n<p>\u015eirketinizin veya binan\u0131z\u0131n kur\u015fun ihtiya\u00e7lar\u0131n\u0131 kar\u015f\u0131lamak, gereksinimleriniz konusunda destek olmak ve sorular\u0131n\u0131za cevap vermek i\u00e7in y\u00fczlerce projede deneyim kazanm\u0131\u015f \u00e7al\u0131\u015fanlar\u0131m\u0131z sizleri beklemektedir.<\/p>\n<p>Uluk\u00f6k Kur\u015fun at\u0131k ak\u00fc toplama ve toplad\u0131\u011f\u0131 at\u0131k ak\u00fcleri geri d\u00f6n\u00fc\u015ft\u00fcrme i\u015fi ile i\u015ftigal etmektedir. Gaziantep\u2019de bulunan firmam\u0131z y\u0131lda 27.000 ton hurda ak\u00fc geri d\u00f6n\u00fc\u015ft\u00fcrme kapasitesi ile \u00fclkemizin say\u0131l\u0131 geri d\u00f6n\u00fc\u015f\u00fcm firmalar\u0131ndan biridir.[\/vc_column_text][\/vc_column_inner][vc_column_inner width=&#8221;1\/2&#8243;][vc_column_text]<a id=\"6a0468c04a36c\" rel=\"wp-video-lightbox\" href=\"https:\/\/www.youtube.com\/watch?v=HW9KoNU6sso&#038;width=800&#038;height=500\" title=\"\"><img decoding=\"async\" src=\"https:\/\/ulukokkursun.com\/wp-content\/uploads\/2022\/12\/muhittin.png\" class=\"video_lightbox_anchor_image\" alt=\"\" \/><\/a>    <script>\r\n    \/* <![CDATA[ *\/\r\n    jQuery(document).ready(function($){\r\n        $(function(){\r\n            var width = $(window).innerWidth();\r\n            var setwidth = parseFloat(800);\r\n            var ratio = parseFloat(0.625);\r\n            var height = parseFloat(500);\r\n            var link = 'https:\/\/www.youtube.com\/watch?v=HW9KoNU6sso&amp;width=800&amp;height=500';\r\n            if(width < setwidth)\r\n            {\r\n                height = Math.floor(width * 0.625);\r\n                \/\/console.log(\"device width \"+width+\", set width \"+800+\", ratio \"+0.625+\", new height \"+ height);\r\n                var new_url = wpvl_paramReplace('width', link, width);\r\n                var new_url = wpvl_paramReplace('height', new_url, height);\r\n                $(\"a#6a0468c04a36c\").attr('href', new_url);\r\n                \/\/console.log(new_url);\r\n            }\r\n        });\r\n    });\r\n    \/* ]]> *\/\r\n    <\/script>[\/vc_column_text][\/vc_column_inner][\/vc_row_inner][vc_empty_space height=&#8221;50px&#8221;][\/vc_column][\/vc_row]<\/p>\n","protected":false},"excerpt":{"rendered":"<p>[vc_row][vc_column][vc_gallery type=&#8221;flexslider_slide&#8221; interval=&#8221;0&#8243; images=&#8221;1164,1169,1163,1160,1165,1171,966&#8243; img_size=&#8221;full&#8221; onclick=&#8221;&#8221;][vc_empty_space height=&#8221;40px&#8221;][vc_column_text] Hakk\u0131m\u0131zda Sekt\u00f6rde Uzman Deneyim Uluk\u00f6k Kur\u015fun Ltd. \u015eti. 1972 y\u0131l\u0131nda ba\u015flad\u0131\u011f\u0131m\u0131z yolculu\u011fumuz her ge\u00e7en y\u0131l katlanarak devam etmekte ve \u00fclke ekonomimize daha \u00e7ok katma de\u011fer olu\u015fturmay\u0131 hedeflemekteyiz. Misyonumuz \u00e7evreye duyarl\u0131, katma de\u011feri y\u00fcksek \u00fcr\u00fcnler \u00fcreterek toplumumuza faydal\u0131 olmakt\u0131r. Vizyonumuz kur\u015fundan mam\u00fcl \u00fcr\u00fcnlerin geri d\u00f6n\u00fc\u015f\u00fcm\u00fcn\u00fc ger\u00e7ekle\u015ftirmek suretiyle \u00e7evre dostu [&hellip;]<\/p>\n","protected":false},"author":1,"featured_media":0,"parent":0,"menu_order":0,"comment_status":"closed","ping_status":"closed","template":"","meta":{"footnotes":""},"class_list":["post-7","page","type-page","status-publish","hentry","no-post-thumbnail"],"yoast_head":"<!-- This site is optimized with the Yoast SEO plugin v27.5 - https:\/\/yoast.com\/product\/yoast-seo-wordpress\/ -->\n<title>Hakk\u0131m\u0131zda - Uluk\u00f6k Kur\u015fun | Sekt\u00f6rde Uzman Deneyim<\/title>\n<meta name=\"description\" content=\"Kur\u015fun Levha sekt\u00f6r\u00fcnde 47 y\u0131ll\u0131k tecr\u00fcbeye kalite ve d\u00fcr\u00fcstl\u00fck. Sekt\u00f6rde en saf ve uzun \u00f6m\u00fcrl\u00fc kur\u015funu \u00fcretmesiyle an\u0131lmaktad\u0131r.\" \/>\n<meta name=\"robots\" content=\"index, follow, max-snippet:-1, max-image-preview:large, max-video-preview:-1\" \/>\n<link rel=\"canonical\" href=\"https:\/\/ulukokkursun.com\/index.php\/ulukok-kursun-hakkimizda\/\" \/>\n<meta property=\"og:locale\" content=\"tr_TR\" \/>\n<meta property=\"og:type\" content=\"article\" \/>\n<meta property=\"og:title\" content=\"Hakk\u0131m\u0131zda - Uluk\u00f6k Kur\u015fun | Sekt\u00f6rde Uzman Deneyim\" \/>\n<meta property=\"og:description\" content=\"Kur\u015fun Levha sekt\u00f6r\u00fcnde 47 y\u0131ll\u0131k tecr\u00fcbeye kalite ve d\u00fcr\u00fcstl\u00fck. Sekt\u00f6rde en saf ve uzun \u00f6m\u00fcrl\u00fc kur\u015funu \u00fcretmesiyle an\u0131lmaktad\u0131r.\" \/>\n<meta property=\"og:url\" content=\"https:\/\/ulukokkursun.com\/index.php\/ulukok-kursun-hakkimizda\/\" \/>\n<meta property=\"og:site_name\" content=\"Uluk\u00f6k Kur\u015fun\" \/>\n<meta property=\"article:modified_time\" content=\"2026-05-01T11:09:04+00:00\" \/>\n<meta name=\"twitter:card\" content=\"summary_large_image\" \/>\n<meta name=\"twitter:label1\" content=\"Tahmini okuma s\u00fcresi\" \/>\n\t<meta name=\"twitter:data1\" content=\"2 dakika\" \/>\n<script type=\"application\/ld+json\" class=\"yoast-schema-graph\">{\"@context\":\"https:\\\/\\\/schema.org\",\"@graph\":[{\"@type\":\"WebPage\",\"@id\":\"https:\\\/\\\/ulukokkursun.com\\\/index.php\\\/ulukok-kursun-hakkimizda\\\/\",\"url\":\"https:\\\/\\\/ulukokkursun.com\\\/index.php\\\/ulukok-kursun-hakkimizda\\\/\",\"name\":\"Hakk\u0131m\u0131zda - Uluk\u00f6k Kur\u015fun | Sekt\u00f6rde Uzman Deneyim\",\"isPartOf\":{\"@id\":\"https:\\\/\\\/ulukokkursun.com\\\/#website\"},\"datePublished\":\"2016-04-12T10:02:54+00:00\",\"dateModified\":\"2026-05-01T11:09:04+00:00\",\"description\":\"Kur\u015fun Levha sekt\u00f6r\u00fcnde 47 y\u0131ll\u0131k tecr\u00fcbeye kalite ve d\u00fcr\u00fcstl\u00fck. Sekt\u00f6rde en saf ve uzun \u00f6m\u00fcrl\u00fc kur\u015funu \u00fcretmesiyle an\u0131lmaktad\u0131r.\",\"breadcrumb\":{\"@id\":\"https:\\\/\\\/ulukokkursun.com\\\/index.php\\\/ulukok-kursun-hakkimizda\\\/#breadcrumb\"},\"inLanguage\":\"tr\",\"potentialAction\":[{\"@type\":\"ReadAction\",\"target\":[\"https:\\\/\\\/ulukokkursun.com\\\/index.php\\\/ulukok-kursun-hakkimizda\\\/\"]}]},{\"@type\":\"BreadcrumbList\",\"@id\":\"https:\\\/\\\/ulukokkursun.com\\\/index.php\\\/ulukok-kursun-hakkimizda\\\/#breadcrumb\",\"itemListElement\":[{\"@type\":\"ListItem\",\"position\":1,\"name\":\"Anasayfa\",\"item\":\"https:\\\/\\\/ulukokkursun.com\\\/\"},{\"@type\":\"ListItem\",\"position\":2,\"name\":\"Hakk\u0131m\u0131zda\"}]},{\"@type\":\"WebSite\",\"@id\":\"https:\\\/\\\/ulukokkursun.com\\\/#website\",\"url\":\"https:\\\/\\\/ulukokkursun.com\\\/\",\"name\":\"Uluk\u00f6k Kur\u015fun\",\"description\":\"Huda Ak\u00fc, Kur\u015fun Levha\",\"potentialAction\":[{\"@type\":\"SearchAction\",\"target\":{\"@type\":\"EntryPoint\",\"urlTemplate\":\"https:\\\/\\\/ulukokkursun.com\\\/?s={search_term_string}\"},\"query-input\":{\"@type\":\"PropertyValueSpecification\",\"valueRequired\":true,\"valueName\":\"search_term_string\"}}],\"inLanguage\":\"tr\"}]}<\/script>\n<!-- \/ Yoast SEO plugin. -->","yoast_head_json":{"title":"Hakk\u0131m\u0131zda - Uluk\u00f6k Kur\u015fun | Sekt\u00f6rde Uzman Deneyim","description":"Kur\u015fun Levha sekt\u00f6r\u00fcnde 47 y\u0131ll\u0131k tecr\u00fcbeye kalite ve d\u00fcr\u00fcstl\u00fck. Sekt\u00f6rde en saf ve uzun \u00f6m\u00fcrl\u00fc kur\u015funu \u00fcretmesiyle an\u0131lmaktad\u0131r.","robots":{"index":"index","follow":"follow","max-snippet":"max-snippet:-1","max-image-preview":"max-image-preview:large","max-video-preview":"max-video-preview:-1"},"canonical":"https:\/\/ulukokkursun.com\/index.php\/ulukok-kursun-hakkimizda\/","og_locale":"tr_TR","og_type":"article","og_title":"Hakk\u0131m\u0131zda - Uluk\u00f6k Kur\u015fun | Sekt\u00f6rde Uzman Deneyim","og_description":"Kur\u015fun Levha sekt\u00f6r\u00fcnde 47 y\u0131ll\u0131k tecr\u00fcbeye kalite ve d\u00fcr\u00fcstl\u00fck. Sekt\u00f6rde en saf ve uzun \u00f6m\u00fcrl\u00fc kur\u015funu \u00fcretmesiyle an\u0131lmaktad\u0131r.","og_url":"https:\/\/ulukokkursun.com\/index.php\/ulukok-kursun-hakkimizda\/","og_site_name":"Uluk\u00f6k Kur\u015fun","article_modified_time":"2026-05-01T11:09:04+00:00","twitter_card":"summary_large_image","twitter_misc":{"Tahmini okuma s\u00fcresi":"2 dakika"},"schema":{"@context":"https:\/\/schema.org","@graph":[{"@type":"WebPage","@id":"https:\/\/ulukokkursun.com\/index.php\/ulukok-kursun-hakkimizda\/","url":"https:\/\/ulukokkursun.com\/index.php\/ulukok-kursun-hakkimizda\/","name":"Hakk\u0131m\u0131zda - Uluk\u00f6k Kur\u015fun | Sekt\u00f6rde Uzman Deneyim","isPartOf":{"@id":"https:\/\/ulukokkursun.com\/#website"},"datePublished":"2016-04-12T10:02:54+00:00","dateModified":"2026-05-01T11:09:04+00:00","description":"Kur\u015fun Levha sekt\u00f6r\u00fcnde 47 y\u0131ll\u0131k tecr\u00fcbeye kalite ve d\u00fcr\u00fcstl\u00fck. Sekt\u00f6rde en saf ve uzun \u00f6m\u00fcrl\u00fc kur\u015funu \u00fcretmesiyle an\u0131lmaktad\u0131r.","breadcrumb":{"@id":"https:\/\/ulukokkursun.com\/index.php\/ulukok-kursun-hakkimizda\/#breadcrumb"},"inLanguage":"tr","potentialAction":[{"@type":"ReadAction","target":["https:\/\/ulukokkursun.com\/index.php\/ulukok-kursun-hakkimizda\/"]}]},{"@type":"BreadcrumbList","@id":"https:\/\/ulukokkursun.com\/index.php\/ulukok-kursun-hakkimizda\/#breadcrumb","itemListElement":[{"@type":"ListItem","position":1,"name":"Anasayfa","item":"https:\/\/ulukokkursun.com\/"},{"@type":"ListItem","position":2,"name":"Hakk\u0131m\u0131zda"}]},{"@type":"WebSite","@id":"https:\/\/ulukokkursun.com\/#website","url":"https:\/\/ulukokkursun.com\/","name":"Uluk\u00f6k Kur\u015fun","description":"Huda Ak\u00fc, Kur\u015fun Levha","potentialAction":[{"@type":"SearchAction","target":{"@type":"EntryPoint","urlTemplate":"https:\/\/ulukokkursun.com\/?s={search_term_string}"},"query-input":{"@type":"PropertyValueSpecification","valueRequired":true,"valueName":"search_term_string"}}],"inLanguage":"tr"}]}},"_links":{"self":[{"href":"https:\/\/ulukokkursun.com\/index.php\/wp-json\/wp\/v2\/pages\/7","targetHints":{"allow":["GET"]}}],"collection":[{"href":"https:\/\/ulukokkursun.com\/index.php\/wp-json\/wp\/v2\/pages"}],"about":[{"href":"https:\/\/ulukokkursun.com\/index.php\/wp-json\/wp\/v2\/types\/page"}],"author":[{"embeddable":true,"href":"https:\/\/ulukokkursun.com\/index.php\/wp-json\/wp\/v2\/users\/1"}],"replies":[{"embeddable":true,"href":"https:\/\/ulukokkursun.com\/index.php\/wp-json\/wp\/v2\/comments?post=7"}],"version-history":[{"count":40,"href":"https:\/\/ulukokkursun.com\/index.php\/wp-json\/wp\/v2\/pages\/7\/revisions"}],"predecessor-version":[{"id":1381,"href":"https:\/\/ulukokkursun.com\/index.php\/wp-json\/wp\/v2\/pages\/7\/revisions\/1381"}],"wp:attachment":[{"href":"https:\/\/ulukokkursun.com\/index.php\/wp-json\/wp\/v2\/media?parent=7"}],"curies":[{"name":"wp","href":"https:\/\/api.w.org\/{rel}","templated":true}]}}