{"id":657,"date":"2022-11-12T17:36:51","date_gmt":"2022-11-12T17:36:51","guid":{"rendered":"https:\/\/ulukokkursun.com\/?page_id=657"},"modified":"2025-12-07T15:42:22","modified_gmt":"2025-12-07T15:42:22","slug":"belgelerimiz","status":"publish","type":"page","link":"https:\/\/ulukokkursun.com\/index.php\/belgelerimiz\/","title":{"rendered":"Belgelerimiz"},"content":{"rendered":"<p>[vc_row][vc_column][vc_column_text]<\/p>\n<h4 class=\"no-margin-top\">Uluk\u00f6k Kur\u015fun Olarak Sahip Oldu\u011fumuz Belgeler ve Sertifikalar<\/h4>\n<p>1972 y\u0131l\u0131ndan Uluk\u00f6k Kur\u015fun Ltd. \u015eti. ad\u0131 alt\u0131nda, T\u00fcrkiye\u2019 nin en eski Kur\u015fun firmas\u0131 olarak kur\u015fun \u00fcr\u00fcnleri gereksinimi \u00f6ncelikle \u201ckur\u015funda y\u00fcksek kalite\u201d hedefiyle kar\u015f\u0131layan \u015firketimiz, 2026 y\u0131l\u0131nda 54 y\u0131ll\u0131k deneyim ve teknolojiyi birle\u015ftirerek, <a href=\"https:\/\/ulukokkursun.com\/index.php\/hakkimizda\/\">Uluk\u00f6k Kur\u015fun Ltd. \u015eti.<\/a> ad\u0131 alt\u0131nda kaliteyi en \u00fcst d\u00fczeyde sunmak \u00fczere yeniden yap\u0131lanm\u0131\u015ft\u0131r.[\/vc_column_text][vc_separator color=&#8221;custom&#8221; accent_color=&#8221;rgba(54,70,115,0.08)&#8221; css=&#8221;.vc_custom_1461899049711{margin-top: 40px !important;margin-bottom: 40px !important;}&#8221;][vc_row_inner][vc_column_inner width=&#8221;1\/4&#8243;][vc_single_image image=&#8221;1135&#8243; img_size=&#8221;full&#8221;][\/vc_column_inner][vc_column_inner width=&#8221;3\/4&#8243;][vc_column_text]<\/p>\n<h4><strong>\u00c7evre, \u015eehircilik ve \u0130klim De\u011fi\u015fikli\u011fi Bakanl\u0131\u011f\u0131\u00a0<\/strong><\/h4>\n<h5>\u00c7ED \u0130zin ve Denetim Genel M\u00fcd\u00fcrl\u00fc\u011f\u00fc \u00c7evre \u0130zin ve Lisans Belgesi<\/h5>\n<p style=\"text-align: center;\"><a class=\"button lg\" href=\"https:\/\/ulukokkursun.com\/index.php\/belgelerimiz\/cevre-lisans-belgemiz\/\">Detayl\u0131 Bilgi<\/a><\/p>\n<p>[\/vc_column_text][\/vc_column_inner][\/vc_row_inner][vc_separator color=&#8221;custom&#8221; accent_color=&#8221;rgba(54,70,115,0.08)&#8221; css=&#8221;.vc_custom_1461899057846{margin-top: 40px !important;margin-bottom: 40px !important;}&#8221;][vc_row_inner][vc_column_inner width=&#8221;1\/4&#8243;][vc_single_image image=&#8221;1140&#8243; img_size=&#8221;full&#8221;][\/vc_column_inner][vc_column_inner width=&#8221;3\/4&#8243;][vc_column_text]<\/p>\n<h4><strong>T\u00fcrk Standardlar\u0131 Enstit\u00fcs\u00fc\u00a0<\/strong><\/h4>\n<h5>ISO 9001.2015 Kalite Y\u00f6netim Sistemi<\/h5>\n<p style=\"text-align: center;\"><a class=\"button lg\" href=\"https:\/\/ulukokkursun.com\/wp-content\/uploads\/2024\/01\/ULUKOK-Kursun-ISO-9001-TR_EN.pdf\">Detayl\u0131 Bilgi<\/a><\/p>\n<p>[\/vc_column_text][\/vc_column_inner][\/vc_row_inner][vc_separator color=&#8221;custom&#8221; accent_color=&#8221;rgba(54,70,115,0.08)&#8221; css=&#8221;.vc_custom_1461899057846{margin-top: 40px !important;margin-bottom: 40px !important;}&#8221;][vc_row_inner][vc_column_inner width=&#8221;1\/4&#8243;][vc_single_image image=&#8221;810&#8243; img_size=&#8221;full&#8221;][\/vc_column_inner][vc_column_inner width=&#8221;3\/4&#8243;][vc_column_text]<\/p>\n<h4><strong>T\u00fcrk Standardlar\u0131 Enstit\u00fcs\u00fc\u00a0<\/strong><\/h4>\n<h5>ISO 14001:2015 \u00c7evre Y\u00f6netim Sistemi<\/h5>\n<p style=\"text-align: center;\"><a class=\"button lg\" href=\"https:\/\/ulukokkursun.com\/wp-content\/uploads\/2024\/01\/ULUKOK-Kursun-ISO-14001_TR_EN.pdf\">Detayl\u0131 Bilgi<\/a><\/p>\n<p>[\/vc_column_text][\/vc_column_inner][\/vc_row_inner][vc_separator color=&#8221;custom&#8221; accent_color=&#8221;rgba(54,70,115,0.08)&#8221; css=&#8221;.vc_custom_1461899066033{margin-top: 40px !important;margin-bottom: 40px !important;}&#8221;][vc_row_inner][vc_column_inner width=&#8221;1\/4&#8243;][vc_single_image image=&#8221;815&#8243; img_size=&#8221;full&#8221;][\/vc_column_inner][vc_column_inner width=&#8221;3\/4&#8243;][vc_column_text]<\/p>\n<h4><strong>\u00c7evre, \u015eehircilik ve \u0130klim De\u011fi\u015fikli\u011fi Bakanl\u0131\u011f\u0131\u00a0<\/strong><\/h4>\n<h5>S\u0131f\u0131r At\u0131k Belgesi<\/h5>\n<p style=\"text-align: center;\"><a class=\"button lg\" href=\"https:\/\/ulukokkursun.com\/wp-content\/uploads\/2022\/11\/SIFIR-ATIK-BELGESI.pdf\">Detayl\u0131 Bilgi<\/a><\/p>\n<p>[\/vc_column_text][\/vc_column_inner][\/vc_row_inner][vc_separator color=&#8221;custom&#8221; accent_color=&#8221;rgba(54,70,115,0.08)&#8221; css=&#8221;.vc_custom_1461899074868{margin-top: 40px !important;margin-bottom: 40px !important;}&#8221;][vc_separator color=&#8221;custom&#8221; accent_color=&#8221;rgba(54,70,115,0.08)&#8221; css=&#8221;.vc_custom_1461899084582{margin-top: 40px !important;margin-bottom: 40px !important;}&#8221;][\/vc_column][\/vc_row]<\/p>\n","protected":false},"excerpt":{"rendered":"<p>[vc_row][vc_column][vc_column_text] Uluk\u00f6k Kur\u015fun Olarak Sahip Oldu\u011fumuz Belgeler ve Sertifikalar 1972 y\u0131l\u0131ndan Uluk\u00f6k Kur\u015fun Ltd. \u015eti. ad\u0131 alt\u0131nda, T\u00fcrkiye\u2019 nin en eski Kur\u015fun firmas\u0131 olarak kur\u015fun \u00fcr\u00fcnleri gereksinimi \u00f6ncelikle \u201ckur\u015funda y\u00fcksek kalite\u201d hedefiyle kar\u015f\u0131layan \u015firketimiz, y\u0131l\u0131nda y\u0131ll\u0131k deneyim ve teknolojiyi birle\u015ftirerek, Uluk\u00f6k Kur\u015fun Ltd. \u015eti. ad\u0131 alt\u0131nda kaliteyi en \u00fcst d\u00fczeyde sunmak \u00fczere yeniden yap\u0131lanm\u0131\u015ft\u0131r.[\/vc_column_text][vc_separator color=&#8221;custom&#8221; [&hellip;]<\/p>\n","protected":false},"author":1,"featured_media":0,"parent":0,"menu_order":0,"comment_status":"closed","ping_status":"closed","template":"","meta":{"footnotes":""},"class_list":["post-657","page","type-page","status-publish","hentry","no-post-thumbnail"],"yoast_head":"<!-- This site is optimized with the Yoast SEO plugin v27.5 - https:\/\/yoast.com\/product\/yoast-seo-wordpress\/ -->\n<title>Belgelerimiz - Uluk\u00f6k Kur\u015fun<\/title>\n<meta name=\"description\" content=\"Uluk\u00f6k Kur\u015fun Olarak Sahip Oldu\u011fumuz Belgeler ve Sertifikalar\" \/>\n<meta name=\"robots\" content=\"index, follow, max-snippet:-1, max-image-preview:large, max-video-preview:-1\" \/>\n<link rel=\"canonical\" href=\"https:\/\/ulukokkursun.com\/index.php\/belgelerimiz\/\" \/>\n<meta property=\"og:locale\" content=\"tr_TR\" \/>\n<meta property=\"og:type\" content=\"article\" \/>\n<meta property=\"og:title\" content=\"Belgelerimiz - Uluk\u00f6k Kur\u015fun\" \/>\n<meta property=\"og:description\" content=\"Uluk\u00f6k Kur\u015fun Olarak Sahip Oldu\u011fumuz Belgeler ve Sertifikalar\" \/>\n<meta property=\"og:url\" content=\"https:\/\/ulukokkursun.com\/index.php\/belgelerimiz\/\" \/>\n<meta property=\"og:site_name\" content=\"Uluk\u00f6k Kur\u015fun\" \/>\n<meta property=\"article:modified_time\" content=\"2025-12-07T15:42:22+00:00\" \/>\n<meta name=\"twitter:card\" content=\"summary_large_image\" \/>\n<meta name=\"twitter:label1\" content=\"Tahmini okuma s\u00fcresi\" \/>\n\t<meta name=\"twitter:data1\" content=\"2 dakika\" \/>\n<script type=\"application\/ld+json\" class=\"yoast-schema-graph\">{\"@context\":\"https:\\\/\\\/schema.org\",\"@graph\":[{\"@type\":\"WebPage\",\"@id\":\"https:\\\/\\\/ulukokkursun.com\\\/index.php\\\/belgelerimiz\\\/\",\"url\":\"https:\\\/\\\/ulukokkursun.com\\\/index.php\\\/belgelerimiz\\\/\",\"name\":\"Belgelerimiz - Uluk\u00f6k Kur\u015fun\",\"isPartOf\":{\"@id\":\"https:\\\/\\\/ulukokkursun.com\\\/#website\"},\"datePublished\":\"2022-11-12T17:36:51+00:00\",\"dateModified\":\"2025-12-07T15:42:22+00:00\",\"description\":\"Uluk\u00f6k Kur\u015fun Olarak Sahip Oldu\u011fumuz Belgeler ve Sertifikalar\",\"breadcrumb\":{\"@id\":\"https:\\\/\\\/ulukokkursun.com\\\/index.php\\\/belgelerimiz\\\/#breadcrumb\"},\"inLanguage\":\"tr\",\"potentialAction\":[{\"@type\":\"ReadAction\",\"target\":[\"https:\\\/\\\/ulukokkursun.com\\\/index.php\\\/belgelerimiz\\\/\"]}]},{\"@type\":\"BreadcrumbList\",\"@id\":\"https:\\\/\\\/ulukokkursun.com\\\/index.php\\\/belgelerimiz\\\/#breadcrumb\",\"itemListElement\":[{\"@type\":\"ListItem\",\"position\":1,\"name\":\"Anasayfa\",\"item\":\"https:\\\/\\\/ulukokkursun.com\\\/\"},{\"@type\":\"ListItem\",\"position\":2,\"name\":\"Belgelerimiz\"}]},{\"@type\":\"WebSite\",\"@id\":\"https:\\\/\\\/ulukokkursun.com\\\/#website\",\"url\":\"https:\\\/\\\/ulukokkursun.com\\\/\",\"name\":\"Uluk\u00f6k Kur\u015fun\",\"description\":\"Huda Ak\u00fc, Kur\u015fun Levha\",\"potentialAction\":[{\"@type\":\"SearchAction\",\"target\":{\"@type\":\"EntryPoint\",\"urlTemplate\":\"https:\\\/\\\/ulukokkursun.com\\\/?s={search_term_string}\"},\"query-input\":{\"@type\":\"PropertyValueSpecification\",\"valueRequired\":true,\"valueName\":\"search_term_string\"}}],\"inLanguage\":\"tr\"}]}<\/script>\n<!-- \/ Yoast SEO plugin. -->","yoast_head_json":{"title":"Belgelerimiz - Uluk\u00f6k Kur\u015fun","description":"Uluk\u00f6k Kur\u015fun Olarak Sahip Oldu\u011fumuz Belgeler ve Sertifikalar","robots":{"index":"index","follow":"follow","max-snippet":"max-snippet:-1","max-image-preview":"max-image-preview:large","max-video-preview":"max-video-preview:-1"},"canonical":"https:\/\/ulukokkursun.com\/index.php\/belgelerimiz\/","og_locale":"tr_TR","og_type":"article","og_title":"Belgelerimiz - Uluk\u00f6k Kur\u015fun","og_description":"Uluk\u00f6k Kur\u015fun Olarak Sahip Oldu\u011fumuz Belgeler ve Sertifikalar","og_url":"https:\/\/ulukokkursun.com\/index.php\/belgelerimiz\/","og_site_name":"Uluk\u00f6k Kur\u015fun","article_modified_time":"2025-12-07T15:42:22+00:00","twitter_card":"summary_large_image","twitter_misc":{"Tahmini okuma s\u00fcresi":"2 dakika"},"schema":{"@context":"https:\/\/schema.org","@graph":[{"@type":"WebPage","@id":"https:\/\/ulukokkursun.com\/index.php\/belgelerimiz\/","url":"https:\/\/ulukokkursun.com\/index.php\/belgelerimiz\/","name":"Belgelerimiz - Uluk\u00f6k Kur\u015fun","isPartOf":{"@id":"https:\/\/ulukokkursun.com\/#website"},"datePublished":"2022-11-12T17:36:51+00:00","dateModified":"2025-12-07T15:42:22+00:00","description":"Uluk\u00f6k Kur\u015fun Olarak Sahip Oldu\u011fumuz Belgeler ve Sertifikalar","breadcrumb":{"@id":"https:\/\/ulukokkursun.com\/index.php\/belgelerimiz\/#breadcrumb"},"inLanguage":"tr","potentialAction":[{"@type":"ReadAction","target":["https:\/\/ulukokkursun.com\/index.php\/belgelerimiz\/"]}]},{"@type":"BreadcrumbList","@id":"https:\/\/ulukokkursun.com\/index.php\/belgelerimiz\/#breadcrumb","itemListElement":[{"@type":"ListItem","position":1,"name":"Anasayfa","item":"https:\/\/ulukokkursun.com\/"},{"@type":"ListItem","position":2,"name":"Belgelerimiz"}]},{"@type":"WebSite","@id":"https:\/\/ulukokkursun.com\/#website","url":"https:\/\/ulukokkursun.com\/","name":"Uluk\u00f6k Kur\u015fun","description":"Huda Ak\u00fc, Kur\u015fun Levha","potentialAction":[{"@type":"SearchAction","target":{"@type":"EntryPoint","urlTemplate":"https:\/\/ulukokkursun.com\/?s={search_term_string}"},"query-input":{"@type":"PropertyValueSpecification","valueRequired":true,"valueName":"search_term_string"}}],"inLanguage":"tr"}]}},"_links":{"self":[{"href":"https:\/\/ulukokkursun.com\/index.php\/wp-json\/wp\/v2\/pages\/657","targetHints":{"allow":["GET"]}}],"collection":[{"href":"https:\/\/ulukokkursun.com\/index.php\/wp-json\/wp\/v2\/pages"}],"about":[{"href":"https:\/\/ulukokkursun.com\/index.php\/wp-json\/wp\/v2\/types\/page"}],"author":[{"embeddable":true,"href":"https:\/\/ulukokkursun.com\/index.php\/wp-json\/wp\/v2\/users\/1"}],"replies":[{"embeddable":true,"href":"https:\/\/ulukokkursun.com\/index.php\/wp-json\/wp\/v2\/comments?post=657"}],"version-history":[{"count":25,"href":"https:\/\/ulukokkursun.com\/index.php\/wp-json\/wp\/v2\/pages\/657\/revisions"}],"predecessor-version":[{"id":1355,"href":"https:\/\/ulukokkursun.com\/index.php\/wp-json\/wp\/v2\/pages\/657\/revisions\/1355"}],"wp:attachment":[{"href":"https:\/\/ulukokkursun.com\/index.php\/wp-json\/wp\/v2\/media?parent=657"}],"curies":[{"name":"wp","href":"https:\/\/api.w.org\/{rel}","templated":true}]}}