{"id":623,"date":"2022-11-11T14:03:52","date_gmt":"2022-11-11T14:03:52","guid":{"rendered":"https:\/\/ulukokkursun.com\/?page_id=623"},"modified":"2024-01-15T06:54:02","modified_gmt":"2024-01-15T06:54:02","slug":"kursun-jumbo-ingot","status":"publish","type":"page","link":"https:\/\/ulukokkursun.com\/index.php\/kursun-jumbo-ingot\/","title":{"rendered":"Kur\u015fun Jumbo (\u0130ngot)"},"content":{"rendered":"<p>[vc_row][vc_column][vc_row_inner][vc_column_inner width=&#8221;1\/2&#8243;][vc_single_image image=&#8221;627&#8243; img_size=&#8221;full x 428&#8243; onclick=&#8221;link_image&#8221;][\/vc_column_inner][vc_column_inner width=&#8221;1\/2&#8243;][vc_single_image image=&#8221;628&#8243; img_size=&#8221;full x 428&#8243; onclick=&#8221;link_image&#8221;][\/vc_column_inner][\/vc_row_inner][vc_empty_space height=&#8221;40px&#8221;][vc_column_text]<\/p>\n<h4 class=\"no-margin-top\">Kur\u015fun Jumbo (\u0130ngot)<\/h4>\n<ul class=\"style1\">\n<li>Kur\u015fun Jumbo (\u0130ngot) : %99.95-%99.97 Safl\u0131k Oran\u0131nda<\/li>\n<\/ul>\n<p>Firmam\u0131zda her zaman stoklar\u0131m\u0131zda mevcut olan kur\u015fun blok, kur\u015funun sanayi alan\u0131nda en yayg\u0131n kullan\u0131m \u015fekli blok \u015feklinde olan\u0131d\u0131r. Blok kur\u015fun uygulamalar\u0131 \u00f6zellikle sanayide izolasyon ama\u00e7l\u0131 tercih edilmektedir. Kablolar\u0131n izole edilmesinde ve ak\u00fclerin imalat\u0131nda da Blok kur\u015fun uygulamalar\u0131 g\u00f6r\u00fclmektedir. \u00c7e\u015fitli metaller ile birle\u015ftirilerek ala\u015f\u0131m \u015feklinde kullan\u0131labilmektedir.<\/p>\n<p>Savunma sanayinde ise kur\u015fun \u00fcreticileri \u00f6nemli bir yer tutmaktad\u0131r. \u00c7e\u015fitli alanlar\u0131n radyasyondan izole edilmesinde de Kur\u015fun Blok kullan\u0131m\u0131 yayg\u0131nd\u0131r. Firmalar \u00fcretim olarak plaka ya da tu\u011fla gibi \u00fcretimlerin yan\u0131 s\u0131ra k\u00fcl\u00e7e gibi \u00fcretimler de yayg\u0131nd\u0131r. Levha ya da boru \u015feklinde imal edilmesi de m\u00fcmk\u00fcn olabilmektedir. Bu t\u00fcr farkl\u0131 kullan\u0131m \u015fekillerinin yan\u0131 s\u0131ra \u00f6nemli bir ihra\u00e7 \u00fcr\u00fcn\u00fc olup, geri d\u00f6n\u00fc\u015f\u00fcm \u00f6zelli\u011fi nedeni ile hurdalardan da temin edilebilmektedir.[\/vc_column_text][vc_empty_space][vc_empty_space height=&#8221;15&#8243; css=&#8221;.vc_custom_1667853210264{background-color: #15416e !important;}&#8221;][vc_empty_space][\/vc_column][\/vc_row][vc_row][vc_column][vc_column_text]<\/p>\n<p style=\"text-align: center;\"><a class=\"button lg\" href=\"https:\/\/ulukokkursun.com\/index.php\/ulukokkursun-referanslarimiz\/\">Referanslar\u0131m\u0131z<\/a><\/p>\n<p>[\/vc_column_text][\/vc_column][\/vc_row]<\/p>\n","protected":false},"excerpt":{"rendered":"<p>[vc_row][vc_column][vc_row_inner][vc_column_inner width=&#8221;1\/2&#8243;][vc_single_image image=&#8221;627&#8243; img_size=&#8221;full x 428&#8243; onclick=&#8221;link_image&#8221;][\/vc_column_inner][vc_column_inner width=&#8221;1\/2&#8243;][vc_single_image image=&#8221;628&#8243; img_size=&#8221;full x 428&#8243; onclick=&#8221;link_image&#8221;][\/vc_column_inner][\/vc_row_inner][vc_empty_space height=&#8221;40px&#8221;][vc_column_text] Kur\u015fun Jumbo (\u0130ngot) Kur\u015fun Jumbo (\u0130ngot) : %99.95-%99.97 Safl\u0131k Oran\u0131nda Firmam\u0131zda her zaman stoklar\u0131m\u0131zda mevcut olan kur\u015fun blok, kur\u015funun sanayi alan\u0131nda en yayg\u0131n kullan\u0131m \u015fekli blok \u015feklinde olan\u0131d\u0131r. Blok kur\u015fun uygulamalar\u0131 \u00f6zellikle sanayide izolasyon ama\u00e7l\u0131 tercih edilmektedir. Kablolar\u0131n izole edilmesinde ve [&hellip;]<\/p>\n","protected":false},"author":1,"featured_media":0,"parent":0,"menu_order":0,"comment_status":"closed","ping_status":"closed","template":"","meta":{"footnotes":""},"class_list":["post-623","page","type-page","status-publish","hentry","no-post-thumbnail"],"yoast_head":"<!-- This site is optimized with the Yoast SEO plugin v26.5 - https:\/\/yoast.com\/wordpress\/plugins\/seo\/ -->\n<title>Kur\u015fun Jumbo (\u0130ngot) - Uluk\u00f6k Kur\u015fun<\/title>\n<meta name=\"description\" content=\"Kur\u015fun Jumbo \u0130ngot firmam\u0131zda her zaman stoklar\u0131m\u0131zda mevcut olan kur\u015fun blok, kur\u015funun sanayi alan\u0131nda en yayg\u0131n kullan\u0131m \u015fekli blok \u015feklinde olan\u0131d\u0131r.\" \/>\n<meta name=\"robots\" content=\"index, follow, max-snippet:-1, max-image-preview:large, max-video-preview:-1\" \/>\n<link rel=\"canonical\" href=\"https:\/\/ulukokkursun.com\/index.php\/kursun-jumbo-ingot\/\" \/>\n<meta property=\"og:locale\" content=\"tr_TR\" \/>\n<meta property=\"og:type\" content=\"article\" \/>\n<meta property=\"og:title\" content=\"Kur\u015fun Jumbo (\u0130ngot) - Uluk\u00f6k Kur\u015fun\" \/>\n<meta property=\"og:description\" content=\"Kur\u015fun Jumbo \u0130ngot firmam\u0131zda her zaman stoklar\u0131m\u0131zda mevcut olan kur\u015fun blok, kur\u015funun sanayi alan\u0131nda en yayg\u0131n kullan\u0131m \u015fekli blok \u015feklinde olan\u0131d\u0131r.\" \/>\n<meta property=\"og:url\" content=\"https:\/\/ulukokkursun.com\/index.php\/kursun-jumbo-ingot\/\" \/>\n<meta property=\"og:site_name\" content=\"Uluk\u00f6k Kur\u015fun\" \/>\n<meta property=\"article:modified_time\" content=\"2024-01-15T06:54:02+00:00\" \/>\n<meta name=\"twitter:card\" content=\"summary_large_image\" \/>\n<meta name=\"twitter:label1\" content=\"Tahmini okuma s\u00fcresi\" \/>\n\t<meta name=\"twitter:data1\" content=\"1 dakika\" \/>\n<script type=\"application\/ld+json\" class=\"yoast-schema-graph\">{\"@context\":\"https:\/\/schema.org\",\"@graph\":[{\"@type\":\"WebPage\",\"@id\":\"https:\/\/ulukokkursun.com\/index.php\/kursun-jumbo-ingot\/\",\"url\":\"https:\/\/ulukokkursun.com\/index.php\/kursun-jumbo-ingot\/\",\"name\":\"Kur\u015fun Jumbo (\u0130ngot) - Uluk\u00f6k Kur\u015fun\",\"isPartOf\":{\"@id\":\"https:\/\/ulukokkursun.com\/#website\"},\"datePublished\":\"2022-11-11T14:03:52+00:00\",\"dateModified\":\"2024-01-15T06:54:02+00:00\",\"description\":\"Kur\u015fun Jumbo \u0130ngot firmam\u0131zda her zaman stoklar\u0131m\u0131zda mevcut olan kur\u015fun blok, kur\u015funun sanayi alan\u0131nda en yayg\u0131n kullan\u0131m \u015fekli blok \u015feklinde olan\u0131d\u0131r.\",\"breadcrumb\":{\"@id\":\"https:\/\/ulukokkursun.com\/index.php\/kursun-jumbo-ingot\/#breadcrumb\"},\"inLanguage\":\"tr\",\"potentialAction\":[{\"@type\":\"ReadAction\",\"target\":[\"https:\/\/ulukokkursun.com\/index.php\/kursun-jumbo-ingot\/\"]}]},{\"@type\":\"BreadcrumbList\",\"@id\":\"https:\/\/ulukokkursun.com\/index.php\/kursun-jumbo-ingot\/#breadcrumb\",\"itemListElement\":[{\"@type\":\"ListItem\",\"position\":1,\"name\":\"Anasayfa\",\"item\":\"https:\/\/ulukokkursun.com\/\"},{\"@type\":\"ListItem\",\"position\":2,\"name\":\"Kur\u015fun Jumbo (\u0130ngot)\"}]},{\"@type\":\"WebSite\",\"@id\":\"https:\/\/ulukokkursun.com\/#website\",\"url\":\"https:\/\/ulukokkursun.com\/\",\"name\":\"Uluk\u00f6k Kur\u015fun\",\"description\":\"Huda Ak\u00fc, Kur\u015fun Levha\",\"potentialAction\":[{\"@type\":\"SearchAction\",\"target\":{\"@type\":\"EntryPoint\",\"urlTemplate\":\"https:\/\/ulukokkursun.com\/?s={search_term_string}\"},\"query-input\":{\"@type\":\"PropertyValueSpecification\",\"valueRequired\":true,\"valueName\":\"search_term_string\"}}],\"inLanguage\":\"tr\"}]}<\/script>\n<!-- \/ Yoast SEO plugin. -->","yoast_head_json":{"title":"Kur\u015fun Jumbo (\u0130ngot) - Uluk\u00f6k Kur\u015fun","description":"Kur\u015fun Jumbo \u0130ngot firmam\u0131zda her zaman stoklar\u0131m\u0131zda mevcut olan kur\u015fun blok, kur\u015funun sanayi alan\u0131nda en yayg\u0131n kullan\u0131m \u015fekli blok \u015feklinde olan\u0131d\u0131r.","robots":{"index":"index","follow":"follow","max-snippet":"max-snippet:-1","max-image-preview":"max-image-preview:large","max-video-preview":"max-video-preview:-1"},"canonical":"https:\/\/ulukokkursun.com\/index.php\/kursun-jumbo-ingot\/","og_locale":"tr_TR","og_type":"article","og_title":"Kur\u015fun Jumbo (\u0130ngot) - Uluk\u00f6k Kur\u015fun","og_description":"Kur\u015fun Jumbo \u0130ngot firmam\u0131zda her zaman stoklar\u0131m\u0131zda mevcut olan kur\u015fun blok, kur\u015funun sanayi alan\u0131nda en yayg\u0131n kullan\u0131m \u015fekli blok \u015feklinde olan\u0131d\u0131r.","og_url":"https:\/\/ulukokkursun.com\/index.php\/kursun-jumbo-ingot\/","og_site_name":"Uluk\u00f6k Kur\u015fun","article_modified_time":"2024-01-15T06:54:02+00:00","twitter_card":"summary_large_image","twitter_misc":{"Tahmini okuma s\u00fcresi":"1 dakika"},"schema":{"@context":"https:\/\/schema.org","@graph":[{"@type":"WebPage","@id":"https:\/\/ulukokkursun.com\/index.php\/kursun-jumbo-ingot\/","url":"https:\/\/ulukokkursun.com\/index.php\/kursun-jumbo-ingot\/","name":"Kur\u015fun Jumbo (\u0130ngot) - Uluk\u00f6k Kur\u015fun","isPartOf":{"@id":"https:\/\/ulukokkursun.com\/#website"},"datePublished":"2022-11-11T14:03:52+00:00","dateModified":"2024-01-15T06:54:02+00:00","description":"Kur\u015fun Jumbo \u0130ngot firmam\u0131zda her zaman stoklar\u0131m\u0131zda mevcut olan kur\u015fun blok, kur\u015funun sanayi alan\u0131nda en yayg\u0131n kullan\u0131m \u015fekli blok \u015feklinde olan\u0131d\u0131r.","breadcrumb":{"@id":"https:\/\/ulukokkursun.com\/index.php\/kursun-jumbo-ingot\/#breadcrumb"},"inLanguage":"tr","potentialAction":[{"@type":"ReadAction","target":["https:\/\/ulukokkursun.com\/index.php\/kursun-jumbo-ingot\/"]}]},{"@type":"BreadcrumbList","@id":"https:\/\/ulukokkursun.com\/index.php\/kursun-jumbo-ingot\/#breadcrumb","itemListElement":[{"@type":"ListItem","position":1,"name":"Anasayfa","item":"https:\/\/ulukokkursun.com\/"},{"@type":"ListItem","position":2,"name":"Kur\u015fun Jumbo (\u0130ngot)"}]},{"@type":"WebSite","@id":"https:\/\/ulukokkursun.com\/#website","url":"https:\/\/ulukokkursun.com\/","name":"Uluk\u00f6k Kur\u015fun","description":"Huda Ak\u00fc, Kur\u015fun Levha","potentialAction":[{"@type":"SearchAction","target":{"@type":"EntryPoint","urlTemplate":"https:\/\/ulukokkursun.com\/?s={search_term_string}"},"query-input":{"@type":"PropertyValueSpecification","valueRequired":true,"valueName":"search_term_string"}}],"inLanguage":"tr"}]}},"_links":{"self":[{"href":"https:\/\/ulukokkursun.com\/index.php\/wp-json\/wp\/v2\/pages\/623","targetHints":{"allow":["GET"]}}],"collection":[{"href":"https:\/\/ulukokkursun.com\/index.php\/wp-json\/wp\/v2\/pages"}],"about":[{"href":"https:\/\/ulukokkursun.com\/index.php\/wp-json\/wp\/v2\/types\/page"}],"author":[{"embeddable":true,"href":"https:\/\/ulukokkursun.com\/index.php\/wp-json\/wp\/v2\/users\/1"}],"replies":[{"embeddable":true,"href":"https:\/\/ulukokkursun.com\/index.php\/wp-json\/wp\/v2\/comments?post=623"}],"version-history":[{"count":11,"href":"https:\/\/ulukokkursun.com\/index.php\/wp-json\/wp\/v2\/pages\/623\/revisions"}],"predecessor-version":[{"id":1146,"href":"https:\/\/ulukokkursun.com\/index.php\/wp-json\/wp\/v2\/pages\/623\/revisions\/1146"}],"wp:attachment":[{"href":"https:\/\/ulukokkursun.com\/index.php\/wp-json\/wp\/v2\/media?parent=623"}],"curies":[{"name":"wp","href":"https:\/\/api.w.org\/{rel}","templated":true}]}}