{"id":615,"date":"2022-11-10T14:02:17","date_gmt":"2022-11-10T14:02:17","guid":{"rendered":"https:\/\/ulukokkursun.com\/?page_id=615"},"modified":"2022-12-05T06:02:19","modified_gmt":"2022-12-05T06:02:19","slug":"kursun-sacma","status":"publish","type":"page","link":"https:\/\/ulukokkursun.com\/index.php\/kursun-sacma\/","title":{"rendered":"Kur\u015fun Sa\u00e7ma"},"content":{"rendered":"<p>[vc_row][vc_column][vc_row_inner][vc_column_inner][vc_single_image image=&#8221;621&#8243; img_size=&#8221;full&#8221; onclick=&#8221;link_image&#8221;][\/vc_column_inner][\/vc_row_inner][vc_empty_space height=&#8221;40px&#8221;][vc_column_text]<\/p>\n<h4 class=\"no-margin-top\">Kur\u015fun Sa\u00e7ma<\/h4>\n<p>Yeni nesil sa\u00e7ma makinalar\u0131nda \u00fcretmekte oldu\u011fumuz Av Sa\u00e7malar\u0131m\u0131z\u0131 hem T\u00fcrkiye hem D\u00fcnya Pazarlar\u0131na sunmaktay\u0131z. 1.9 mm \u00e7aptan ba\u015flamak \u00fczere 4 mm \u00e7apa kadar her ebatta av sa\u00e7mas\u0131 \u00fcretimimiz bulunmaktad\u0131r.[\/vc_column_text][vc_empty_space][vc_empty_space height=&#8221;15&#8243; css=&#8221;.vc_custom_1667853210264{background-color: #15416e !important;}&#8221;][vc_empty_space][\/vc_column][\/vc_row][vc_row][vc_column][vc_column_text]<\/p>\n<p style=\"text-align: center;\"><a class=\"button lg\" href=\"https:\/\/ulukokkursun.com\/index.php\/ulukokkursun-referanslarimiz\/\">Referanslar\u0131m\u0131z<\/a><\/p>\n<p>[\/vc_column_text][\/vc_column][\/vc_row]<\/p>\n","protected":false},"excerpt":{"rendered":"<p>[vc_row][vc_column][vc_row_inner][vc_column_inner][vc_single_image image=&#8221;621&#8243; img_size=&#8221;full&#8221; onclick=&#8221;link_image&#8221;][\/vc_column_inner][\/vc_row_inner][vc_empty_space height=&#8221;40px&#8221;][vc_column_text] Kur\u015fun Sa\u00e7ma Yeni nesil sa\u00e7ma makinalar\u0131nda \u00fcretmekte oldu\u011fumuz Av Sa\u00e7malar\u0131m\u0131z\u0131 hem T\u00fcrkiye hem D\u00fcnya Pazarlar\u0131na sunmaktay\u0131z. 1.9 mm \u00e7aptan ba\u015flamak \u00fczere 4 mm \u00e7apa kadar her ebatta av sa\u00e7mas\u0131 \u00fcretimimiz bulunmaktad\u0131r.[\/vc_column_text][vc_empty_space][vc_empty_space height=&#8221;15&#8243; css=&#8221;.vc_custom_1667853210264{background-color: #15416e !important;}&#8221;][vc_empty_space][\/vc_column][\/vc_row][vc_row][vc_column][vc_column_text] Referanslar\u0131m\u0131z [\/vc_column_text][\/vc_column][\/vc_row]<\/p>\n","protected":false},"author":1,"featured_media":717,"parent":0,"menu_order":0,"comment_status":"closed","ping_status":"closed","template":"","meta":{"footnotes":""},"class_list":["post-615","page","type-page","status-publish","has-post-thumbnail","hentry"],"yoast_head":"<!-- This site is optimized with the Yoast SEO plugin v27.5 - https:\/\/yoast.com\/product\/yoast-seo-wordpress\/ -->\n<title>Kur\u015fun Sa\u00e7ma - Uluk\u00f6k Kur\u015fun | 0 530 344 55 95<\/title>\n<meta name=\"description\" content=\"Yeni nesil sa\u00e7ma makinalar\u0131nda \u00fcretmekte oldu\u011fumuz Av Sa\u00e7malar\u0131m\u0131z\u0131 hem T\u00fcrkiye hem D\u00fcnya Pazarlar\u0131na sunmaktay\u0131z.\" \/>\n<meta name=\"robots\" content=\"index, follow, max-snippet:-1, max-image-preview:large, max-video-preview:-1\" \/>\n<link rel=\"canonical\" href=\"https:\/\/ulukokkursun.com\/index.php\/kursun-sacma\/\" \/>\n<meta property=\"og:locale\" content=\"tr_TR\" \/>\n<meta property=\"og:type\" content=\"article\" \/>\n<meta property=\"og:title\" content=\"Kur\u015fun Sa\u00e7ma - Uluk\u00f6k Kur\u015fun | 0 530 344 55 95\" \/>\n<meta property=\"og:description\" content=\"Yeni nesil sa\u00e7ma makinalar\u0131nda \u00fcretmekte oldu\u011fumuz Av Sa\u00e7malar\u0131m\u0131z\u0131 hem T\u00fcrkiye hem D\u00fcnya Pazarlar\u0131na sunmaktay\u0131z.\" \/>\n<meta property=\"og:url\" content=\"https:\/\/ulukokkursun.com\/index.php\/kursun-sacma\/\" \/>\n<meta property=\"og:site_name\" content=\"Uluk\u00f6k Kur\u015fun\" \/>\n<meta property=\"article:modified_time\" content=\"2022-12-05T06:02:19+00:00\" \/>\n<meta property=\"og:image\" content=\"https:\/\/ulukokkursun.com\/wp-content\/uploads\/2022\/11\/kursun-sacma_kucuk.jpg\" \/>\n\t<meta property=\"og:image:width\" content=\"680\" \/>\n\t<meta property=\"og:image:height\" content=\"472\" \/>\n\t<meta property=\"og:image:type\" content=\"image\/jpeg\" \/>\n<meta name=\"twitter:card\" content=\"summary_large_image\" \/>\n<meta name=\"twitter:label1\" content=\"Tahmini okuma s\u00fcresi\" \/>\n\t<meta name=\"twitter:data1\" content=\"1 dakika\" \/>\n<script type=\"application\/ld+json\" class=\"yoast-schema-graph\">{\"@context\":\"https:\\\/\\\/schema.org\",\"@graph\":[{\"@type\":\"WebPage\",\"@id\":\"https:\\\/\\\/ulukokkursun.com\\\/index.php\\\/kursun-sacma\\\/\",\"url\":\"https:\\\/\\\/ulukokkursun.com\\\/index.php\\\/kursun-sacma\\\/\",\"name\":\"Kur\u015fun Sa\u00e7ma - Uluk\u00f6k Kur\u015fun | 0 530 344 55 95\",\"isPartOf\":{\"@id\":\"https:\\\/\\\/ulukokkursun.com\\\/#website\"},\"primaryImageOfPage\":{\"@id\":\"https:\\\/\\\/ulukokkursun.com\\\/index.php\\\/kursun-sacma\\\/#primaryimage\"},\"image\":{\"@id\":\"https:\\\/\\\/ulukokkursun.com\\\/index.php\\\/kursun-sacma\\\/#primaryimage\"},\"thumbnailUrl\":\"https:\\\/\\\/ulukokkursun.com\\\/wp-content\\\/uploads\\\/2022\\\/11\\\/kursun-sacma_kucuk.jpg\",\"datePublished\":\"2022-11-10T14:02:17+00:00\",\"dateModified\":\"2022-12-05T06:02:19+00:00\",\"description\":\"Yeni nesil sa\u00e7ma makinalar\u0131nda \u00fcretmekte oldu\u011fumuz Av Sa\u00e7malar\u0131m\u0131z\u0131 hem T\u00fcrkiye hem D\u00fcnya Pazarlar\u0131na sunmaktay\u0131z.\",\"breadcrumb\":{\"@id\":\"https:\\\/\\\/ulukokkursun.com\\\/index.php\\\/kursun-sacma\\\/#breadcrumb\"},\"inLanguage\":\"tr\",\"potentialAction\":[{\"@type\":\"ReadAction\",\"target\":[\"https:\\\/\\\/ulukokkursun.com\\\/index.php\\\/kursun-sacma\\\/\"]}]},{\"@type\":\"ImageObject\",\"inLanguage\":\"tr\",\"@id\":\"https:\\\/\\\/ulukokkursun.com\\\/index.php\\\/kursun-sacma\\\/#primaryimage\",\"url\":\"https:\\\/\\\/ulukokkursun.com\\\/wp-content\\\/uploads\\\/2022\\\/11\\\/kursun-sacma_kucuk.jpg\",\"contentUrl\":\"https:\\\/\\\/ulukokkursun.com\\\/wp-content\\\/uploads\\\/2022\\\/11\\\/kursun-sacma_kucuk.jpg\",\"width\":680,\"height\":472,\"caption\":\"Yeni nesil sa\u00e7ma makinalar\u0131nda \u00fcretmekte oldu\u011fumuz Av Sa\u00e7malar\u0131m\u0131z\u0131 hem T\u00fcrkiye hem D\u00fcnya Pazarlar\u0131na sunmaktay\u0131z.\"},{\"@type\":\"BreadcrumbList\",\"@id\":\"https:\\\/\\\/ulukokkursun.com\\\/index.php\\\/kursun-sacma\\\/#breadcrumb\",\"itemListElement\":[{\"@type\":\"ListItem\",\"position\":1,\"name\":\"Anasayfa\",\"item\":\"https:\\\/\\\/ulukokkursun.com\\\/\"},{\"@type\":\"ListItem\",\"position\":2,\"name\":\"Kur\u015fun Sa\u00e7ma\"}]},{\"@type\":\"WebSite\",\"@id\":\"https:\\\/\\\/ulukokkursun.com\\\/#website\",\"url\":\"https:\\\/\\\/ulukokkursun.com\\\/\",\"name\":\"Uluk\u00f6k Kur\u015fun\",\"description\":\"Huda Ak\u00fc, Kur\u015fun Levha\",\"potentialAction\":[{\"@type\":\"SearchAction\",\"target\":{\"@type\":\"EntryPoint\",\"urlTemplate\":\"https:\\\/\\\/ulukokkursun.com\\\/?s={search_term_string}\"},\"query-input\":{\"@type\":\"PropertyValueSpecification\",\"valueRequired\":true,\"valueName\":\"search_term_string\"}}],\"inLanguage\":\"tr\"}]}<\/script>\n<!-- \/ Yoast SEO plugin. -->","yoast_head_json":{"title":"Kur\u015fun Sa\u00e7ma - Uluk\u00f6k Kur\u015fun | 0 530 344 55 95","description":"Yeni nesil sa\u00e7ma makinalar\u0131nda \u00fcretmekte oldu\u011fumuz Av Sa\u00e7malar\u0131m\u0131z\u0131 hem T\u00fcrkiye hem D\u00fcnya Pazarlar\u0131na sunmaktay\u0131z.","robots":{"index":"index","follow":"follow","max-snippet":"max-snippet:-1","max-image-preview":"max-image-preview:large","max-video-preview":"max-video-preview:-1"},"canonical":"https:\/\/ulukokkursun.com\/index.php\/kursun-sacma\/","og_locale":"tr_TR","og_type":"article","og_title":"Kur\u015fun Sa\u00e7ma - Uluk\u00f6k Kur\u015fun | 0 530 344 55 95","og_description":"Yeni nesil sa\u00e7ma makinalar\u0131nda \u00fcretmekte oldu\u011fumuz Av Sa\u00e7malar\u0131m\u0131z\u0131 hem T\u00fcrkiye hem D\u00fcnya Pazarlar\u0131na sunmaktay\u0131z.","og_url":"https:\/\/ulukokkursun.com\/index.php\/kursun-sacma\/","og_site_name":"Uluk\u00f6k Kur\u015fun","article_modified_time":"2022-12-05T06:02:19+00:00","og_image":[{"width":680,"height":472,"url":"https:\/\/ulukokkursun.com\/wp-content\/uploads\/2022\/11\/kursun-sacma_kucuk.jpg","type":"image\/jpeg"}],"twitter_card":"summary_large_image","twitter_misc":{"Tahmini okuma s\u00fcresi":"1 dakika"},"schema":{"@context":"https:\/\/schema.org","@graph":[{"@type":"WebPage","@id":"https:\/\/ulukokkursun.com\/index.php\/kursun-sacma\/","url":"https:\/\/ulukokkursun.com\/index.php\/kursun-sacma\/","name":"Kur\u015fun Sa\u00e7ma - Uluk\u00f6k Kur\u015fun | 0 530 344 55 95","isPartOf":{"@id":"https:\/\/ulukokkursun.com\/#website"},"primaryImageOfPage":{"@id":"https:\/\/ulukokkursun.com\/index.php\/kursun-sacma\/#primaryimage"},"image":{"@id":"https:\/\/ulukokkursun.com\/index.php\/kursun-sacma\/#primaryimage"},"thumbnailUrl":"https:\/\/ulukokkursun.com\/wp-content\/uploads\/2022\/11\/kursun-sacma_kucuk.jpg","datePublished":"2022-11-10T14:02:17+00:00","dateModified":"2022-12-05T06:02:19+00:00","description":"Yeni nesil sa\u00e7ma makinalar\u0131nda \u00fcretmekte oldu\u011fumuz Av Sa\u00e7malar\u0131m\u0131z\u0131 hem T\u00fcrkiye hem D\u00fcnya Pazarlar\u0131na sunmaktay\u0131z.","breadcrumb":{"@id":"https:\/\/ulukokkursun.com\/index.php\/kursun-sacma\/#breadcrumb"},"inLanguage":"tr","potentialAction":[{"@type":"ReadAction","target":["https:\/\/ulukokkursun.com\/index.php\/kursun-sacma\/"]}]},{"@type":"ImageObject","inLanguage":"tr","@id":"https:\/\/ulukokkursun.com\/index.php\/kursun-sacma\/#primaryimage","url":"https:\/\/ulukokkursun.com\/wp-content\/uploads\/2022\/11\/kursun-sacma_kucuk.jpg","contentUrl":"https:\/\/ulukokkursun.com\/wp-content\/uploads\/2022\/11\/kursun-sacma_kucuk.jpg","width":680,"height":472,"caption":"Yeni nesil sa\u00e7ma makinalar\u0131nda \u00fcretmekte oldu\u011fumuz Av Sa\u00e7malar\u0131m\u0131z\u0131 hem T\u00fcrkiye hem D\u00fcnya Pazarlar\u0131na sunmaktay\u0131z."},{"@type":"BreadcrumbList","@id":"https:\/\/ulukokkursun.com\/index.php\/kursun-sacma\/#breadcrumb","itemListElement":[{"@type":"ListItem","position":1,"name":"Anasayfa","item":"https:\/\/ulukokkursun.com\/"},{"@type":"ListItem","position":2,"name":"Kur\u015fun Sa\u00e7ma"}]},{"@type":"WebSite","@id":"https:\/\/ulukokkursun.com\/#website","url":"https:\/\/ulukokkursun.com\/","name":"Uluk\u00f6k Kur\u015fun","description":"Huda Ak\u00fc, Kur\u015fun Levha","potentialAction":[{"@type":"SearchAction","target":{"@type":"EntryPoint","urlTemplate":"https:\/\/ulukokkursun.com\/?s={search_term_string}"},"query-input":{"@type":"PropertyValueSpecification","valueRequired":true,"valueName":"search_term_string"}}],"inLanguage":"tr"}]}},"_links":{"self":[{"href":"https:\/\/ulukokkursun.com\/index.php\/wp-json\/wp\/v2\/pages\/615","targetHints":{"allow":["GET"]}}],"collection":[{"href":"https:\/\/ulukokkursun.com\/index.php\/wp-json\/wp\/v2\/pages"}],"about":[{"href":"https:\/\/ulukokkursun.com\/index.php\/wp-json\/wp\/v2\/types\/page"}],"author":[{"embeddable":true,"href":"https:\/\/ulukokkursun.com\/index.php\/wp-json\/wp\/v2\/users\/1"}],"replies":[{"embeddable":true,"href":"https:\/\/ulukokkursun.com\/index.php\/wp-json\/wp\/v2\/comments?post=615"}],"version-history":[{"count":6,"href":"https:\/\/ulukokkursun.com\/index.php\/wp-json\/wp\/v2\/pages\/615\/revisions"}],"predecessor-version":[{"id":989,"href":"https:\/\/ulukokkursun.com\/index.php\/wp-json\/wp\/v2\/pages\/615\/revisions\/989"}],"wp:featuredmedia":[{"embeddable":true,"href":"https:\/\/ulukokkursun.com\/index.php\/wp-json\/wp\/v2\/media\/717"}],"wp:attachment":[{"href":"https:\/\/ulukokkursun.com\/index.php\/wp-json\/wp\/v2\/media?parent=615"}],"curies":[{"name":"wp","href":"https:\/\/api.w.org\/{rel}","templated":true}]}}