{"id":604,"date":"2022-11-10T13:25:39","date_gmt":"2022-11-10T13:25:39","guid":{"rendered":"https:\/\/ulukokkursun.com\/?page_id=604"},"modified":"2022-12-05T05:59:30","modified_gmt":"2022-12-05T05:59:30","slug":"saf-kursun","status":"publish","type":"page","link":"https:\/\/ulukokkursun.com\/index.php\/saf-kursun\/","title":{"rendered":"Saf Kur\u015fun K\u00fcl\u00e7e (%99.985)"},"content":{"rendered":"<p>[vc_row][vc_column][vc_row_inner][vc_column_inner width=&#8221;1\/2&#8243;][vc_single_image image=&#8221;611&#8243; img_size=&#8221;full&#8221; onclick=&#8221;link_image&#8221;][\/vc_column_inner][vc_column_inner width=&#8221;1\/2&#8243;][vc_single_image image=&#8221;613&#8243; img_size=&#8221;full&#8221; onclick=&#8221;link_image&#8221;][\/vc_column_inner][\/vc_row_inner][vc_empty_space height=&#8221;40px&#8221;][vc_column_text]<\/p>\n<h4 class=\"no-margin-top\">Saf Kur\u015fun K\u00fcl\u00e7e (%99.985)<\/h4>\n<p>\u0130\u015fletmemiz T\u00fcrkiye\u2019de \u00fcretilmekte olan en saf kur\u015funu \u00fcretmektedir. Kendi b\u00fcnyemizde bulunan geli\u015fmi\u015f spektrometremiz sayesinde istedi\u011fimiz de\u011ferleri kontroll\u00fc \u015fekilde gelebilmekteyiz. \u00d6zellikle ak\u00fc imalat\u00e7\u0131lar\u0131n\u0131n ak\u00fc imalat\u0131nda kalite y\u00f6n\u00fcyle \u00e7ok s\u0131k\u0131nt\u0131 ya\u015fad\u0131klar\u0131 saf ku\u015fun \u00fcretimini b\u00fcnyemizde ger\u00e7ekle\u015ftirmekteyiz.<\/p>\n<ul class=\"style1\">\n<li>Ak\u00fc hurdalar\u0131ndan elde edilmi\u015f T-ingot kur\u015funlar sac potal\u0131 rafinasyon f\u0131r\u0131nlar\u0131nda tekrar ergitilerek %99.985 safl\u0131kta kur\u015fun metal elde etme i\u015flemi ger\u00e7ekle\u015ftirilmektedir. \u00c7e\u015fitli ala\u015f\u0131mlarda yap\u0131lmaktad\u0131r.<\/li>\n<li>Safla\u015ft\u0131r\u0131lm\u0131\u015f ya da ala\u015f\u0131mland\u0131r\u0131lm\u0131\u015f s\u0131v\u0131 metal k\u00fcl\u00e7e makinesine pompa vas\u0131tas\u0131yla g\u00f6nderilerek k\u00fcl\u00e7e elde edilmektedir.<\/li>\n<\/ul>\n<p>[\/vc_column_text][vc_empty_space][vc_empty_space height=&#8221;15&#8243; css=&#8221;.vc_custom_1667853210264{background-color: #15416e !important;}&#8221;][vc_empty_space][\/vc_column][\/vc_row][vc_row][vc_column][vc_column_text]<\/p>\n<p style=\"text-align: center;\"><a class=\"button lg\" href=\"https:\/\/ulukokkursun.com\/index.php\/ulukok-kursun-iletisim\/\">Referanslar\u0131m\u0131z<\/a><\/p>\n<p>[\/vc_column_text][\/vc_column][\/vc_row]<\/p>\n","protected":false},"excerpt":{"rendered":"<p>[vc_row][vc_column][vc_row_inner][vc_column_inner width=&#8221;1\/2&#8243;][vc_single_image image=&#8221;611&#8243; img_size=&#8221;full&#8221; onclick=&#8221;link_image&#8221;][\/vc_column_inner][vc_column_inner width=&#8221;1\/2&#8243;][vc_single_image image=&#8221;613&#8243; img_size=&#8221;full&#8221; onclick=&#8221;link_image&#8221;][\/vc_column_inner][\/vc_row_inner][vc_empty_space height=&#8221;40px&#8221;][vc_column_text] Saf Kur\u015fun K\u00fcl\u00e7e (%99.985) \u0130\u015fletmemiz T\u00fcrkiye\u2019de \u00fcretilmekte olan en saf kur\u015funu \u00fcretmektedir. Kendi b\u00fcnyemizde bulunan geli\u015fmi\u015f spektrometremiz sayesinde istedi\u011fimiz de\u011ferleri kontroll\u00fc \u015fekilde gelebilmekteyiz. \u00d6zellikle ak\u00fc imalat\u00e7\u0131lar\u0131n\u0131n ak\u00fc imalat\u0131nda kalite y\u00f6n\u00fcyle \u00e7ok s\u0131k\u0131nt\u0131 ya\u015fad\u0131klar\u0131 saf ku\u015fun \u00fcretimini b\u00fcnyemizde ger\u00e7ekle\u015ftirmekteyiz. Ak\u00fc hurdalar\u0131ndan elde edilmi\u015f T-ingot kur\u015funlar sac [&hellip;]<\/p>\n","protected":false},"author":1,"featured_media":711,"parent":0,"menu_order":0,"comment_status":"closed","ping_status":"closed","template":"","meta":{"footnotes":""},"class_list":["post-604","page","type-page","status-publish","has-post-thumbnail","hentry"],"yoast_head":"<!-- This site is optimized with the Yoast SEO plugin v27.5 - https:\/\/yoast.com\/product\/yoast-seo-wordpress\/ -->\n<title>Saf Kur\u015fun K\u00fcl\u00e7e (%99.985) - Uluk\u00f6k Kur\u015fun<\/title>\n<meta name=\"description\" content=\"Uluk\u00f6k Kur\u015fun T\u00fcrkiye\u2019deki en saf kur\u015funu \u00fcretmektedir. B\u00fcnyemizde bulunan geli\u015fmi\u015f spektrometremiz sayesinde \u00fcretim periyodik olarak kontrol edilmektedir.\" \/>\n<meta name=\"robots\" content=\"index, follow, max-snippet:-1, max-image-preview:large, max-video-preview:-1\" \/>\n<link rel=\"canonical\" href=\"https:\/\/ulukokkursun.com\/index.php\/saf-kursun\/\" \/>\n<meta property=\"og:locale\" content=\"tr_TR\" \/>\n<meta property=\"og:type\" content=\"article\" \/>\n<meta property=\"og:title\" content=\"Saf Kur\u015fun K\u00fcl\u00e7e (%99.985) - Uluk\u00f6k Kur\u015fun\" \/>\n<meta property=\"og:description\" content=\"Uluk\u00f6k Kur\u015fun T\u00fcrkiye\u2019deki en saf kur\u015funu \u00fcretmektedir. B\u00fcnyemizde bulunan geli\u015fmi\u015f spektrometremiz sayesinde \u00fcretim periyodik olarak kontrol edilmektedir.\" \/>\n<meta property=\"og:url\" content=\"https:\/\/ulukokkursun.com\/index.php\/saf-kursun\/\" \/>\n<meta property=\"og:site_name\" content=\"Uluk\u00f6k Kur\u015fun\" \/>\n<meta property=\"article:modified_time\" content=\"2022-12-05T05:59:30+00:00\" \/>\n<meta property=\"og:image\" content=\"https:\/\/ulukokkursun.com\/wp-content\/uploads\/2022\/11\/saf-4_1.jpg\" \/>\n\t<meta property=\"og:image:width\" content=\"680\" \/>\n\t<meta property=\"og:image:height\" content=\"471\" \/>\n\t<meta property=\"og:image:type\" content=\"image\/jpeg\" \/>\n<meta name=\"twitter:card\" content=\"summary_large_image\" \/>\n<meta name=\"twitter:label1\" content=\"Tahmini okuma s\u00fcresi\" \/>\n\t<meta name=\"twitter:data1\" content=\"1 dakika\" \/>\n<script type=\"application\/ld+json\" class=\"yoast-schema-graph\">{\"@context\":\"https:\\\/\\\/schema.org\",\"@graph\":[{\"@type\":\"WebPage\",\"@id\":\"https:\\\/\\\/ulukokkursun.com\\\/index.php\\\/saf-kursun\\\/\",\"url\":\"https:\\\/\\\/ulukokkursun.com\\\/index.php\\\/saf-kursun\\\/\",\"name\":\"Saf Kur\u015fun K\u00fcl\u00e7e (%99.985) - Uluk\u00f6k Kur\u015fun\",\"isPartOf\":{\"@id\":\"https:\\\/\\\/ulukokkursun.com\\\/#website\"},\"primaryImageOfPage\":{\"@id\":\"https:\\\/\\\/ulukokkursun.com\\\/index.php\\\/saf-kursun\\\/#primaryimage\"},\"image\":{\"@id\":\"https:\\\/\\\/ulukokkursun.com\\\/index.php\\\/saf-kursun\\\/#primaryimage\"},\"thumbnailUrl\":\"https:\\\/\\\/ulukokkursun.com\\\/wp-content\\\/uploads\\\/2022\\\/11\\\/saf-4_1.jpg\",\"datePublished\":\"2022-11-10T13:25:39+00:00\",\"dateModified\":\"2022-12-05T05:59:30+00:00\",\"description\":\"Uluk\u00f6k Kur\u015fun T\u00fcrkiye\u2019deki en saf kur\u015funu \u00fcretmektedir. B\u00fcnyemizde bulunan geli\u015fmi\u015f spektrometremiz sayesinde \u00fcretim periyodik olarak kontrol edilmektedir.\",\"breadcrumb\":{\"@id\":\"https:\\\/\\\/ulukokkursun.com\\\/index.php\\\/saf-kursun\\\/#breadcrumb\"},\"inLanguage\":\"tr\",\"potentialAction\":[{\"@type\":\"ReadAction\",\"target\":[\"https:\\\/\\\/ulukokkursun.com\\\/index.php\\\/saf-kursun\\\/\"]}]},{\"@type\":\"ImageObject\",\"inLanguage\":\"tr\",\"@id\":\"https:\\\/\\\/ulukokkursun.com\\\/index.php\\\/saf-kursun\\\/#primaryimage\",\"url\":\"https:\\\/\\\/ulukokkursun.com\\\/wp-content\\\/uploads\\\/2022\\\/11\\\/saf-4_1.jpg\",\"contentUrl\":\"https:\\\/\\\/ulukokkursun.com\\\/wp-content\\\/uploads\\\/2022\\\/11\\\/saf-4_1.jpg\",\"width\":680,\"height\":471,\"caption\":\"Saf kur\u015fun k\u00fcl\u00e7e cami kur\u015fun levha\"},{\"@type\":\"BreadcrumbList\",\"@id\":\"https:\\\/\\\/ulukokkursun.com\\\/index.php\\\/saf-kursun\\\/#breadcrumb\",\"itemListElement\":[{\"@type\":\"ListItem\",\"position\":1,\"name\":\"Anasayfa\",\"item\":\"https:\\\/\\\/ulukokkursun.com\\\/\"},{\"@type\":\"ListItem\",\"position\":2,\"name\":\"Saf Kur\u015fun K\u00fcl\u00e7e (%99.985)\"}]},{\"@type\":\"WebSite\",\"@id\":\"https:\\\/\\\/ulukokkursun.com\\\/#website\",\"url\":\"https:\\\/\\\/ulukokkursun.com\\\/\",\"name\":\"Uluk\u00f6k Kur\u015fun\",\"description\":\"Huda Ak\u00fc, Kur\u015fun Levha\",\"potentialAction\":[{\"@type\":\"SearchAction\",\"target\":{\"@type\":\"EntryPoint\",\"urlTemplate\":\"https:\\\/\\\/ulukokkursun.com\\\/?s={search_term_string}\"},\"query-input\":{\"@type\":\"PropertyValueSpecification\",\"valueRequired\":true,\"valueName\":\"search_term_string\"}}],\"inLanguage\":\"tr\"}]}<\/script>\n<!-- \/ Yoast SEO plugin. -->","yoast_head_json":{"title":"Saf Kur\u015fun K\u00fcl\u00e7e (%99.985) - Uluk\u00f6k Kur\u015fun","description":"Uluk\u00f6k Kur\u015fun T\u00fcrkiye\u2019deki en saf kur\u015funu \u00fcretmektedir. B\u00fcnyemizde bulunan geli\u015fmi\u015f spektrometremiz sayesinde \u00fcretim periyodik olarak kontrol edilmektedir.","robots":{"index":"index","follow":"follow","max-snippet":"max-snippet:-1","max-image-preview":"max-image-preview:large","max-video-preview":"max-video-preview:-1"},"canonical":"https:\/\/ulukokkursun.com\/index.php\/saf-kursun\/","og_locale":"tr_TR","og_type":"article","og_title":"Saf Kur\u015fun K\u00fcl\u00e7e (%99.985) - Uluk\u00f6k Kur\u015fun","og_description":"Uluk\u00f6k Kur\u015fun T\u00fcrkiye\u2019deki en saf kur\u015funu \u00fcretmektedir. B\u00fcnyemizde bulunan geli\u015fmi\u015f spektrometremiz sayesinde \u00fcretim periyodik olarak kontrol edilmektedir.","og_url":"https:\/\/ulukokkursun.com\/index.php\/saf-kursun\/","og_site_name":"Uluk\u00f6k Kur\u015fun","article_modified_time":"2022-12-05T05:59:30+00:00","og_image":[{"width":680,"height":471,"url":"https:\/\/ulukokkursun.com\/wp-content\/uploads\/2022\/11\/saf-4_1.jpg","type":"image\/jpeg"}],"twitter_card":"summary_large_image","twitter_misc":{"Tahmini okuma s\u00fcresi":"1 dakika"},"schema":{"@context":"https:\/\/schema.org","@graph":[{"@type":"WebPage","@id":"https:\/\/ulukokkursun.com\/index.php\/saf-kursun\/","url":"https:\/\/ulukokkursun.com\/index.php\/saf-kursun\/","name":"Saf Kur\u015fun K\u00fcl\u00e7e (%99.985) - Uluk\u00f6k Kur\u015fun","isPartOf":{"@id":"https:\/\/ulukokkursun.com\/#website"},"primaryImageOfPage":{"@id":"https:\/\/ulukokkursun.com\/index.php\/saf-kursun\/#primaryimage"},"image":{"@id":"https:\/\/ulukokkursun.com\/index.php\/saf-kursun\/#primaryimage"},"thumbnailUrl":"https:\/\/ulukokkursun.com\/wp-content\/uploads\/2022\/11\/saf-4_1.jpg","datePublished":"2022-11-10T13:25:39+00:00","dateModified":"2022-12-05T05:59:30+00:00","description":"Uluk\u00f6k Kur\u015fun T\u00fcrkiye\u2019deki en saf kur\u015funu \u00fcretmektedir. B\u00fcnyemizde bulunan geli\u015fmi\u015f spektrometremiz sayesinde \u00fcretim periyodik olarak kontrol edilmektedir.","breadcrumb":{"@id":"https:\/\/ulukokkursun.com\/index.php\/saf-kursun\/#breadcrumb"},"inLanguage":"tr","potentialAction":[{"@type":"ReadAction","target":["https:\/\/ulukokkursun.com\/index.php\/saf-kursun\/"]}]},{"@type":"ImageObject","inLanguage":"tr","@id":"https:\/\/ulukokkursun.com\/index.php\/saf-kursun\/#primaryimage","url":"https:\/\/ulukokkursun.com\/wp-content\/uploads\/2022\/11\/saf-4_1.jpg","contentUrl":"https:\/\/ulukokkursun.com\/wp-content\/uploads\/2022\/11\/saf-4_1.jpg","width":680,"height":471,"caption":"Saf kur\u015fun k\u00fcl\u00e7e cami kur\u015fun levha"},{"@type":"BreadcrumbList","@id":"https:\/\/ulukokkursun.com\/index.php\/saf-kursun\/#breadcrumb","itemListElement":[{"@type":"ListItem","position":1,"name":"Anasayfa","item":"https:\/\/ulukokkursun.com\/"},{"@type":"ListItem","position":2,"name":"Saf Kur\u015fun K\u00fcl\u00e7e (%99.985)"}]},{"@type":"WebSite","@id":"https:\/\/ulukokkursun.com\/#website","url":"https:\/\/ulukokkursun.com\/","name":"Uluk\u00f6k Kur\u015fun","description":"Huda Ak\u00fc, Kur\u015fun Levha","potentialAction":[{"@type":"SearchAction","target":{"@type":"EntryPoint","urlTemplate":"https:\/\/ulukokkursun.com\/?s={search_term_string}"},"query-input":{"@type":"PropertyValueSpecification","valueRequired":true,"valueName":"search_term_string"}}],"inLanguage":"tr"}]}},"_links":{"self":[{"href":"https:\/\/ulukokkursun.com\/index.php\/wp-json\/wp\/v2\/pages\/604","targetHints":{"allow":["GET"]}}],"collection":[{"href":"https:\/\/ulukokkursun.com\/index.php\/wp-json\/wp\/v2\/pages"}],"about":[{"href":"https:\/\/ulukokkursun.com\/index.php\/wp-json\/wp\/v2\/types\/page"}],"author":[{"embeddable":true,"href":"https:\/\/ulukokkursun.com\/index.php\/wp-json\/wp\/v2\/users\/1"}],"replies":[{"embeddable":true,"href":"https:\/\/ulukokkursun.com\/index.php\/wp-json\/wp\/v2\/comments?post=604"}],"version-history":[{"count":7,"href":"https:\/\/ulukokkursun.com\/index.php\/wp-json\/wp\/v2\/pages\/604\/revisions"}],"predecessor-version":[{"id":1007,"href":"https:\/\/ulukokkursun.com\/index.php\/wp-json\/wp\/v2\/pages\/604\/revisions\/1007"}],"wp:featuredmedia":[{"embeddable":true,"href":"https:\/\/ulukokkursun.com\/index.php\/wp-json\/wp\/v2\/media\/711"}],"wp:attachment":[{"href":"https:\/\/ulukokkursun.com\/index.php\/wp-json\/wp\/v2\/media?parent=604"}],"curies":[{"name":"wp","href":"https:\/\/api.w.org\/{rel}","templated":true}]}}