{"id":595,"date":"2025-05-06T11:58:30","date_gmt":"2025-05-06T11:58:30","guid":{"rendered":"https:\/\/ulukokkursun.com\/?page_id=595"},"modified":"2025-05-07T08:59:47","modified_gmt":"2025-05-07T08:59:47","slug":"kursun-kulce","status":"publish","type":"page","link":"https:\/\/ulukokkursun.com\/index.php\/kursun-kulce\/","title":{"rendered":"Kur\u015fun K\u00fcl\u00e7e"},"content":{"rendered":"<p>[vc_row][vc_column][vc_row_inner][vc_column_inner][vc_single_image image=&#8221;601&#8243; img_size=&#8221;full&#8221; onclick=&#8221;link_image&#8221;][\/vc_column_inner][\/vc_row_inner][vc_empty_space height=&#8221;40px&#8221;][vc_column_text]<\/p>\n<h4 class=\"no-margin-top\">Kur\u015fun K\u00fcl\u00e7e Nedir? Kullan\u0131m Alanlar\u0131 ve Teknik \u00d6zellikleri<\/h4>\n<p>Kur\u015fun k\u00fcl\u00e7e, kur\u015funun saf metal formda d\u00f6k\u00fcmle \u015fekillendirilmi\u015f halidir ve sanayide en \u00e7ok kullan\u0131lan kur\u015fun \u00fcr\u00fcn\u00fcd\u00fcr. Blok veya \u00e7ubuk formundaki bu k\u00fcl\u00e7eler, \u00f6zellikle yo\u011funluk, i\u015flenebilirlik ve kimyasal diren\u00e7 gerektiren uygulamalarda tercih edilir. Kur\u015fun k\u00fcl\u00e7eler genellikle %99,9 safl\u0131kta olarak \u00fcretilir ve fiziksel \u00f6zellikleri sayesinde bir\u00e7ok sekt\u00f6rde \u00f6nemli bir rol oynar.<\/p>\n<p>Y\u00fcksek yo\u011funluk kur\u015funa, \u0131\u015f\u0131nlara kar\u015f\u0131 diren\u00e7 de verir. Bu y\u00fczden, n\u00fckleer reakt\u00f6rlerde, X \u0131\u015f\u0131n\u0131 \u00fcrete\u00e7lerinde ve gama \u0131\u015f\u0131n\u0131 kaynaklar\u0131nda, korunma perdesi olarak kullan\u0131l\u0131r.<\/p>\n<p>Kur\u015fun, a\u015f\u0131nmaya kar\u015f\u0131 \u00e7ok dayan\u0131kl\u0131d\u0131r. Bu da, su borular\u0131nda, \u00e7at\u0131 kaplamalar\u0131nda ve kablolar\u0131n korunmas\u0131nda \u00e7ok yararl\u0131 olmas\u0131n\u0131 sa\u011flar. Ne var ki, bu uygulamalarda hem kur\u015funun \u00f6zelliklerini ta\u015f\u0131yan hem de ondan daha hafif ve s\u00fcnmeye (yava\u015f bi\u00e7im de\u011fi\u015ftirme) daha dayan\u0131kl\u0131 olan plastikler, yava\u015f yava\u015f kur\u015funun yerini almaktad\u0131r. Bununla birlikte kur\u015fun, s\u00fclf\u00fcrik aside kar\u015f\u0131 dayan\u0131kl\u0131l\u0131\u011f\u0131 nedeniyle, kimya end\u00fcstrisinde h\u00e2l\u00e2 geni\u015f \u00e7apta kullan\u0131lmaktad\u0131r.<\/p>\n<p><a href=\"https:\/\/ulukokkursun.com\/\">Uluk\u00f6k Kur\u015fun<\/a> olarak y\u00fcksek safl\u0131kta kurlun k\u00fcl\u00e7e imalat\u0131m\u0131z bulunmaktad\u0131r.<\/p>\n<h5>Kur\u015fun K\u00fcl\u00e7e Kullan\u0131m Alanlar\u0131<\/h5>\n<p><strong>1. Radyasyon Yal\u0131t\u0131m\u0131 ve Medikal Kullan\u0131m\u0131<\/strong><br \/>\nKur\u015fun, iyonla\u015ft\u0131r\u0131c\u0131 radyasyona kar\u015f\u0131 do\u011fal bir bariyer olu\u015fturur. Bu nedenle:<\/p>\n<ul>\n<li>X-ray odalar\u0131<\/li>\n<li>Radyoterapi merkezleri<\/li>\n<li>N\u00fckleer reakt\u00f6rler<\/li>\n<li>Gama \u0131\u015f\u0131n\u0131 \u00fcrete\u00e7leri<\/li>\n<\/ul>\n<p>gibi alanlarda kur\u015fun k\u00fcl\u00e7e ya da i\u015flenmi\u015f kur\u015fun plaka \u00fcr\u00fcnleri kullan\u0131l\u0131r. Yo\u011funlu\u011fu (11,34 g\/cm\u00b3) sayesinde olduk\u00e7a ince kal\u0131nl\u0131klarda bile y\u00fcksek koruma sa\u011flar.<\/p>\n<p><strong>2. Ak\u00fc ve Batarya \u00dcretimi<\/strong><br \/>\nKur\u015fun, \u00f6zellikle kur\u015fun-asit ak\u00fclerde elektrot olarak kullan\u0131lmaktad\u0131r. Kur\u015fun k\u00fcl\u00e7eler bu sekt\u00f6r i\u00e7in:<\/p>\n<ul>\n<li>Eritilerek plaka haline getirilir.<\/li>\n<li>Kimyasal kararl\u0131l\u0131\u011f\u0131 ve iletkenli\u011fi sayesinde y\u00fcksek performans sa\u011flar.<\/li>\n<li>Hem otomotiv ak\u00fclerinde hem de sabit enerji depolama \u00e7\u00f6z\u00fcmlerinde kritik \u00f6neme sahiptir.<\/li>\n<\/ul>\n<p><strong>3. Kablo ve Elektrik Yal\u0131t\u0131m\u0131<\/strong><br \/>\nElektrik kablolar\u0131n\u0131n d\u0131\u015f yal\u0131t\u0131m\u0131nda kur\u015fun; hem nemi ge\u00e7irmemesi hem de kimyasal dayan\u0131kl\u0131l\u0131\u011f\u0131 sayesinde tercih edilir. Denizalt\u0131 kablolar\u0131, yeralt\u0131 iletim hatlar\u0131 gibi zorlu ko\u015fullarda kullan\u0131l\u0131r.<\/p>\n<p><strong>\u00a04. Kimya ve Asit End\u00fcstrisi<\/strong><br \/>\nKur\u015fun, s\u00fclf\u00fcrik asit gibi maddelere kar\u015f\u0131 y\u00fcksek diren\u00e7 g\u00f6sterdi\u011finden:<\/p>\n<ul>\n<li>Asit tanklar\u0131<\/li>\n<li>Kimyasal tepkime kazanlar\u0131<\/li>\n<li>End\u00fcstriyel s\u0131zd\u0131rmazl\u0131k elemanlar\u0131<\/li>\n<\/ul>\n<p>gibi \u00f6zel ekipmanlarda h\u00e2l\u00e2 yo\u011fun olarak kullan\u0131lmaktad\u0131r. Bu nedenle kimya sanayi, h\u00e2len kur\u015fun k\u00fcl\u00e7eyi temel bir ham madde olarak kabul eder.<\/p>\n<p><strong>\u00a05. \u0130n\u015faat ve Mimari Kullan\u0131m<\/strong><br \/>\nKur\u015fun k\u00fcl\u00e7e ve plakalar; \u00e7at\u0131 izolasyonu, su ge\u00e7irmezlik sistemleri, boru kaplamalar\u0131 gibi uygulamalarda uzun \u00f6m\u00fcrl\u00fc bir \u00e7\u00f6z\u00fcm sunar. Ayr\u0131ca camilerde kubbe ve minare kaplamalar\u0131nda da kur\u015fun levha formuna d\u00f6n\u00fc\u015ft\u00fcr\u00fclerek kullan\u0131l\u0131r.<\/p>\n<h5 data-start=\"860\" data-end=\"898\">Teknik \u00d6zellikler \u2013 Kur\u015fun K\u00fcl\u00e7e<\/h5>\n<div class=\"_tableContainer_16hzy_1\">\n<div class=\"_tableWrapper_16hzy_14 group flex w-fit flex-col-reverse\" tabindex=\"-1\">\n<table class=\"w-fit min-w-(--thread-content-width)\" style=\"height: 267px;\" width=\"533\" data-start=\"900\" data-end=\"1520\">\n<thead data-start=\"900\" data-end=\"961\">\n<tr data-start=\"900\" data-end=\"961\">\n<th data-start=\"900\" data-end=\"931\" data-col-size=\"sm\">\u00d6zellik<\/th>\n<th data-start=\"931\" data-end=\"961\" data-col-size=\"sm\">De\u011fer<\/th>\n<\/tr>\n<\/thead>\n<tbody data-start=\"1024\" data-end=\"1520\">\n<tr data-start=\"1024\" data-end=\"1085\">\n<td data-start=\"1024\" data-end=\"1055\" data-col-size=\"sm\">Kimyasal Safl\u0131k<\/td>\n<td data-col-size=\"sm\" data-start=\"1055\" data-end=\"1085\">%99,9 Pb<\/td>\n<\/tr>\n<tr data-start=\"1086\" data-end=\"1145\">\n<td data-start=\"1086\" data-end=\"1116\" data-col-size=\"sm\">Yo\u011funluk<\/td>\n<td data-start=\"1116\" data-end=\"1145\" data-col-size=\"sm\">11.34 g\/cm\u00b3<\/td>\n<\/tr>\n<tr data-start=\"1146\" data-end=\"1207\">\n<td data-start=\"1146\" data-end=\"1177\" data-col-size=\"sm\">Erime Noktas\u0131<\/td>\n<td data-col-size=\"sm\" data-start=\"1177\" data-end=\"1207\">327,5 \u00b0C<\/td>\n<\/tr>\n<tr data-start=\"1208\" data-end=\"1269\">\n<td data-start=\"1208\" data-end=\"1239\" data-col-size=\"sm\">Standart K\u00fcl\u00e7e \u00d6l\u00e7\u00fcs\u00fc<\/td>\n<td data-col-size=\"sm\" data-start=\"1239\" data-end=\"1269\">50 mm x 110 mm x 500 mm<\/td>\n<\/tr>\n<tr data-start=\"1270\" data-end=\"1331\">\n<td data-start=\"1270\" data-end=\"1301\" data-col-size=\"sm\">Ortalama K\u00fcl\u00e7e A\u011f\u0131rl\u0131\u011f\u0131<\/td>\n<td data-start=\"1301\" data-end=\"1331\" data-col-size=\"sm\">~23\u201325 kg (standart)<\/td>\n<\/tr>\n<tr data-start=\"1332\" data-end=\"1396\">\n<td data-start=\"1332\" data-end=\"1363\" data-col-size=\"sm\">Y\u00fczey \u00d6zelli\u011fi<\/td>\n<td data-col-size=\"sm\" data-start=\"1363\" data-end=\"1396\">P\u00fcr\u00fczs\u00fcz \u2013 Gri metalik parlak<\/td>\n<\/tr>\n<tr data-start=\"1397\" data-end=\"1458\">\n<td data-start=\"1397\" data-end=\"1428\" data-col-size=\"sm\">\u00dcretim Y\u00f6ntemi<\/td>\n<td data-col-size=\"sm\" data-start=\"1428\" data-end=\"1458\">D\u00f6k\u00fcm ve Tavlama<\/td>\n<\/tr>\n<tr data-start=\"1459\" data-end=\"1520\">\n<td data-start=\"1459\" data-end=\"1490\" data-col-size=\"sm\">Ambalajlama<\/td>\n<td data-col-size=\"sm\" data-start=\"1490\" data-end=\"1520\">Palet veya \u00f6zel kasa<\/td>\n<\/tr>\n<\/tbody>\n<\/table>\n<\/div>\n<h5 data-start=\"1527\" data-end=\"1552\">\u00dcretim Toleranslar\u0131<\/h5>\n<div class=\"_tableContainer_16hzy_1\">\n<div class=\"_tableWrapper_16hzy_14 group flex w-fit flex-col-reverse\" tabindex=\"-1\">\n<table class=\"w-fit min-w-(--thread-content-width)\" style=\"height: 119px;\" width=\"425\" data-start=\"1554\" data-end=\"1831\">\n<thead data-start=\"1554\" data-end=\"1608\">\n<tr data-start=\"1554\" data-end=\"1608\">\n<th data-start=\"1554\" data-end=\"1577\" data-col-size=\"sm\">Parametre<\/th>\n<th data-start=\"1577\" data-end=\"1608\" data-col-size=\"sm\">Tolerans Aral\u0131\u011f\u0131<\/th>\n<\/tr>\n<\/thead>\n<tbody data-start=\"1664\" data-end=\"1831\">\n<tr data-start=\"1664\" data-end=\"1719\">\n<td data-start=\"1664\" data-end=\"1688\" data-col-size=\"sm\">A\u011f\u0131rl\u0131k Tolerans\u0131<\/td>\n<td data-col-size=\"sm\" data-start=\"1688\" data-end=\"1719\">\u00b1 %3<\/td>\n<\/tr>\n<tr data-start=\"1720\" data-end=\"1775\">\n<td data-start=\"1720\" data-end=\"1744\" data-col-size=\"sm\">Boy Tolerans\u0131<\/td>\n<td data-col-size=\"sm\" data-start=\"1744\" data-end=\"1775\">\u00b1 5 mm<\/td>\n<\/tr>\n<tr data-start=\"1776\" data-end=\"1831\">\n<td data-start=\"1776\" data-end=\"1800\" data-col-size=\"sm\">Safl\u0131k Tolerans\u0131<\/td>\n<td data-col-size=\"sm\" data-start=\"1800\" data-end=\"1831\">%99,9 Pb \u00b1 %0,1<\/td>\n<\/tr>\n<\/tbody>\n<\/table>\n<h5 data-start=\"1838\" data-end=\"1881\">Kur\u015fun K\u00fcl\u00e7e Ebat ve A\u011f\u0131rl\u0131k \u0130li\u015fkisi<\/h5>\n<div class=\"_tableContainer_16hzy_1\">\n<div class=\"_tableWrapper_16hzy_14 group flex w-fit flex-col-reverse\" tabindex=\"-1\">\n<table class=\"w-fit min-w-(--thread-content-width)\" style=\"height: 179px;\" width=\"549\" data-start=\"1883\" data-end=\"2384\">\n<thead data-start=\"1883\" data-end=\"1952\">\n<tr data-start=\"1883\" data-end=\"1952\">\n<th data-start=\"1883\" data-end=\"1911\" data-col-size=\"sm\">\u00d6l\u00e7\u00fc (cm)<\/th>\n<th data-start=\"1911\" data-end=\"1927\" data-col-size=\"sm\">Kal\u0131nl\u0131k (cm)<\/th>\n<th data-start=\"1927\" data-end=\"1952\" data-col-size=\"sm\">Yakla\u015f\u0131k A\u011f\u0131rl\u0131k (kg)<\/th>\n<\/tr>\n<\/thead>\n<tbody data-start=\"2025\" data-end=\"2384\">\n<tr data-start=\"2025\" data-end=\"2096\">\n<td data-start=\"2025\" data-end=\"2053\" data-col-size=\"sm\">50 x 10 x 5<\/td>\n<td data-col-size=\"sm\" data-start=\"2053\" data-end=\"2070\">5<\/td>\n<td data-col-size=\"sm\" data-start=\"2070\" data-end=\"2096\">28<\/td>\n<\/tr>\n<tr data-start=\"2097\" data-end=\"2168\">\n<td data-start=\"2097\" data-end=\"2125\" data-col-size=\"sm\">50 x 10 x 4<\/td>\n<td data-col-size=\"sm\" data-start=\"2125\" data-end=\"2142\">4<\/td>\n<td data-col-size=\"sm\" data-start=\"2142\" data-end=\"2168\">23<\/td>\n<\/tr>\n<tr data-start=\"2169\" data-end=\"2240\">\n<td data-start=\"2169\" data-end=\"2197\" data-col-size=\"sm\">50 x 10 x 3<\/td>\n<td data-col-size=\"sm\" data-start=\"2197\" data-end=\"2214\">3<\/td>\n<td data-col-size=\"sm\" data-start=\"2214\" data-end=\"2240\">17<\/td>\n<\/tr>\n<tr data-start=\"2241\" data-end=\"2312\">\n<td data-start=\"2241\" data-end=\"2269\" data-col-size=\"sm\">50 x 10 x 2<\/td>\n<td data-start=\"2269\" data-end=\"2286\" data-col-size=\"sm\">2<\/td>\n<td data-col-size=\"sm\" data-start=\"2286\" data-end=\"2312\">11<\/td>\n<\/tr>\n<tr data-start=\"2313\" data-end=\"2384\">\n<td data-start=\"2313\" data-end=\"2341\" data-col-size=\"sm\">30 x 10 x 4<\/td>\n<td data-start=\"2341\" data-end=\"2358\" data-col-size=\"sm\">4<\/td>\n<td data-col-size=\"sm\" data-start=\"2358\" data-end=\"2384\">13,5<\/td>\n<\/tr>\n<\/tbody>\n<\/table>\n<\/div>\n<h5 data-start=\"2522\" data-end=\"2548\">Neden Uluk\u00f6k Kur\u015fun?<\/h5>\n<ul data-start=\"2550\" data-end=\"2728\">\n<li class=\"\" data-start=\"2550\" data-end=\"2587\">\n<p class=\"\" data-start=\"2552\" data-end=\"2587\">\u2705 %99,9 safl\u0131kta kur\u015fun kullan\u0131m\u0131<\/p>\n<\/li>\n<li class=\"\" data-start=\"2588\" data-end=\"2638\">\n<p class=\"\" data-start=\"2590\" data-end=\"2638\">\u2705 ISO standartlar\u0131nda \u00fcretim ve kalite kontrol<\/p>\n<\/li>\n<li class=\"\" data-start=\"2639\" data-end=\"2682\">\n<p class=\"\" data-start=\"2641\" data-end=\"2682\">\u2705 H\u0131zl\u0131 termin s\u00fcreleri ve esnek \u00fcretim<\/p>\n<\/li>\n<\/ul>\n<\/div>\n<\/div>\n<\/div>\n<\/div>\n<p>&nbsp;<\/p>\n<p>[\/vc_column_text][vc_empty_space height=&#8221;15&#8243; css=&#8221;.vc_custom_1667853210264{background-color: #15416e !important;}&#8221;][vc_empty_space][\/vc_column][\/vc_row][vc_row][vc_column][vc_column_text]<\/p>\n<p style=\"text-align: center;\"><a class=\"button lg\" href=\"https:\/\/ulukokkursun.com\/index.php\/ulukokkursun-referanslarimiz\/\">Referanslar\u0131m\u0131z<\/a><\/p>\n<p>[\/vc_column_text][\/vc_column][\/vc_row]<\/p>\n","protected":false},"excerpt":{"rendered":"<p>[vc_row][vc_column][vc_row_inner][vc_column_inner][vc_single_image image=&#8221;601&#8243; img_size=&#8221;full&#8221; onclick=&#8221;link_image&#8221;][\/vc_column_inner][\/vc_row_inner][vc_empty_space height=&#8221;40px&#8221;][vc_column_text] Kur\u015fun K\u00fcl\u00e7e Nedir? Kullan\u0131m Alanlar\u0131 ve Teknik \u00d6zellikleri Kur\u015fun k\u00fcl\u00e7e, kur\u015funun saf metal formda d\u00f6k\u00fcmle \u015fekillendirilmi\u015f halidir ve sanayide en \u00e7ok kullan\u0131lan kur\u015fun \u00fcr\u00fcn\u00fcd\u00fcr. Blok veya \u00e7ubuk formundaki bu k\u00fcl\u00e7eler, \u00f6zellikle yo\u011funluk, i\u015flenebilirlik ve kimyasal diren\u00e7 gerektiren uygulamalarda tercih edilir. Kur\u015fun k\u00fcl\u00e7eler genellikle %99,9 safl\u0131kta olarak \u00fcretilir ve fiziksel \u00f6zellikleri [&hellip;]<\/p>\n","protected":false},"author":1,"featured_media":611,"parent":0,"menu_order":0,"comment_status":"closed","ping_status":"closed","template":"","meta":{"footnotes":""},"class_list":["post-595","page","type-page","status-publish","has-post-thumbnail","hentry"],"yoast_head":"<!-- This site is optimized with the Yoast SEO plugin v27.5 - https:\/\/yoast.com\/product\/yoast-seo-wordpress\/ -->\n<title>Kur\u015fun K\u00fcl\u00e7e - Uluk\u00f6k Kur\u015fun<\/title>\n<meta name=\"description\" content=\"Kur\u015fun K\u00fcl\u00e7e Kur\u015funun sanayi alan\u0131nda en yayg\u0131n kullan\u0131m \u015fekli k\u00fcl\u00e7e \u015feklinde olan\u0131d\u0131r. Sanayide izolasyon ama\u00e7l\u0131 kullan\u0131lmaktad\u0131r.\" \/>\n<meta name=\"robots\" content=\"index, follow, max-snippet:-1, max-image-preview:large, max-video-preview:-1\" \/>\n<link rel=\"canonical\" href=\"https:\/\/ulukokkursun.com\/index.php\/kursun-kulce\/\" \/>\n<meta property=\"og:locale\" content=\"tr_TR\" \/>\n<meta property=\"og:type\" content=\"article\" \/>\n<meta property=\"og:title\" content=\"Kur\u015fun K\u00fcl\u00e7e - Uluk\u00f6k Kur\u015fun\" \/>\n<meta property=\"og:description\" content=\"Kur\u015fun K\u00fcl\u00e7e Kur\u015funun sanayi alan\u0131nda en yayg\u0131n kullan\u0131m \u015fekli k\u00fcl\u00e7e \u015feklinde olan\u0131d\u0131r. Sanayide izolasyon ama\u00e7l\u0131 kullan\u0131lmaktad\u0131r.\" \/>\n<meta property=\"og:url\" content=\"https:\/\/ulukokkursun.com\/index.php\/kursun-kulce\/\" \/>\n<meta property=\"og:site_name\" content=\"Uluk\u00f6k Kur\u015fun\" \/>\n<meta property=\"article:modified_time\" content=\"2025-05-07T08:59:47+00:00\" \/>\n<meta property=\"og:image\" content=\"https:\/\/ulukokkursun.com\/wp-content\/uploads\/2022\/11\/saf-5.jpg\" \/>\n\t<meta property=\"og:image:width\" content=\"1024\" \/>\n\t<meta property=\"og:image:height\" content=\"772\" \/>\n\t<meta property=\"og:image:type\" content=\"image\/jpeg\" \/>\n<meta name=\"twitter:card\" content=\"summary_large_image\" \/>\n<meta name=\"twitter:label1\" content=\"Tahmini okuma s\u00fcresi\" \/>\n\t<meta name=\"twitter:data1\" content=\"4 dakika\" \/>\n<script type=\"application\/ld+json\" class=\"yoast-schema-graph\">{\"@context\":\"https:\\\/\\\/schema.org\",\"@graph\":[{\"@type\":\"WebPage\",\"@id\":\"https:\\\/\\\/ulukokkursun.com\\\/index.php\\\/kursun-kulce\\\/\",\"url\":\"https:\\\/\\\/ulukokkursun.com\\\/index.php\\\/kursun-kulce\\\/\",\"name\":\"Kur\u015fun K\u00fcl\u00e7e - Uluk\u00f6k Kur\u015fun\",\"isPartOf\":{\"@id\":\"https:\\\/\\\/ulukokkursun.com\\\/#website\"},\"primaryImageOfPage\":{\"@id\":\"https:\\\/\\\/ulukokkursun.com\\\/index.php\\\/kursun-kulce\\\/#primaryimage\"},\"image\":{\"@id\":\"https:\\\/\\\/ulukokkursun.com\\\/index.php\\\/kursun-kulce\\\/#primaryimage\"},\"thumbnailUrl\":\"https:\\\/\\\/ulukokkursun.com\\\/wp-content\\\/uploads\\\/2022\\\/11\\\/saf-5.jpg\",\"datePublished\":\"2025-05-06T11:58:30+00:00\",\"dateModified\":\"2025-05-07T08:59:47+00:00\",\"description\":\"Kur\u015fun K\u00fcl\u00e7e Kur\u015funun sanayi alan\u0131nda en yayg\u0131n kullan\u0131m \u015fekli k\u00fcl\u00e7e \u015feklinde olan\u0131d\u0131r. Sanayide izolasyon ama\u00e7l\u0131 kullan\u0131lmaktad\u0131r.\",\"breadcrumb\":{\"@id\":\"https:\\\/\\\/ulukokkursun.com\\\/index.php\\\/kursun-kulce\\\/#breadcrumb\"},\"inLanguage\":\"tr\",\"potentialAction\":[{\"@type\":\"ReadAction\",\"target\":[\"https:\\\/\\\/ulukokkursun.com\\\/index.php\\\/kursun-kulce\\\/\"]}]},{\"@type\":\"ImageObject\",\"inLanguage\":\"tr\",\"@id\":\"https:\\\/\\\/ulukokkursun.com\\\/index.php\\\/kursun-kulce\\\/#primaryimage\",\"url\":\"https:\\\/\\\/ulukokkursun.com\\\/wp-content\\\/uploads\\\/2022\\\/11\\\/saf-5.jpg\",\"contentUrl\":\"https:\\\/\\\/ulukokkursun.com\\\/wp-content\\\/uploads\\\/2022\\\/11\\\/saf-5.jpg\",\"width\":1024,\"height\":772,\"caption\":\"Kur\u015fun K\u00fcl\u00e7e cami kur\u015fun levha\"},{\"@type\":\"BreadcrumbList\",\"@id\":\"https:\\\/\\\/ulukokkursun.com\\\/index.php\\\/kursun-kulce\\\/#breadcrumb\",\"itemListElement\":[{\"@type\":\"ListItem\",\"position\":1,\"name\":\"Anasayfa\",\"item\":\"https:\\\/\\\/ulukokkursun.com\\\/\"},{\"@type\":\"ListItem\",\"position\":2,\"name\":\"Kur\u015fun K\u00fcl\u00e7e\"}]},{\"@type\":\"WebSite\",\"@id\":\"https:\\\/\\\/ulukokkursun.com\\\/#website\",\"url\":\"https:\\\/\\\/ulukokkursun.com\\\/\",\"name\":\"Uluk\u00f6k Kur\u015fun\",\"description\":\"Huda Ak\u00fc, Kur\u015fun Levha\",\"potentialAction\":[{\"@type\":\"SearchAction\",\"target\":{\"@type\":\"EntryPoint\",\"urlTemplate\":\"https:\\\/\\\/ulukokkursun.com\\\/?s={search_term_string}\"},\"query-input\":{\"@type\":\"PropertyValueSpecification\",\"valueRequired\":true,\"valueName\":\"search_term_string\"}}],\"inLanguage\":\"tr\"}]}<\/script>\n<!-- \/ Yoast SEO plugin. -->","yoast_head_json":{"title":"Kur\u015fun K\u00fcl\u00e7e - Uluk\u00f6k Kur\u015fun","description":"Kur\u015fun K\u00fcl\u00e7e Kur\u015funun sanayi alan\u0131nda en yayg\u0131n kullan\u0131m \u015fekli k\u00fcl\u00e7e \u015feklinde olan\u0131d\u0131r. Sanayide izolasyon ama\u00e7l\u0131 kullan\u0131lmaktad\u0131r.","robots":{"index":"index","follow":"follow","max-snippet":"max-snippet:-1","max-image-preview":"max-image-preview:large","max-video-preview":"max-video-preview:-1"},"canonical":"https:\/\/ulukokkursun.com\/index.php\/kursun-kulce\/","og_locale":"tr_TR","og_type":"article","og_title":"Kur\u015fun K\u00fcl\u00e7e - Uluk\u00f6k Kur\u015fun","og_description":"Kur\u015fun K\u00fcl\u00e7e Kur\u015funun sanayi alan\u0131nda en yayg\u0131n kullan\u0131m \u015fekli k\u00fcl\u00e7e \u015feklinde olan\u0131d\u0131r. Sanayide izolasyon ama\u00e7l\u0131 kullan\u0131lmaktad\u0131r.","og_url":"https:\/\/ulukokkursun.com\/index.php\/kursun-kulce\/","og_site_name":"Uluk\u00f6k Kur\u015fun","article_modified_time":"2025-05-07T08:59:47+00:00","og_image":[{"width":1024,"height":772,"url":"https:\/\/ulukokkursun.com\/wp-content\/uploads\/2022\/11\/saf-5.jpg","type":"image\/jpeg"}],"twitter_card":"summary_large_image","twitter_misc":{"Tahmini okuma s\u00fcresi":"4 dakika"},"schema":{"@context":"https:\/\/schema.org","@graph":[{"@type":"WebPage","@id":"https:\/\/ulukokkursun.com\/index.php\/kursun-kulce\/","url":"https:\/\/ulukokkursun.com\/index.php\/kursun-kulce\/","name":"Kur\u015fun K\u00fcl\u00e7e - Uluk\u00f6k Kur\u015fun","isPartOf":{"@id":"https:\/\/ulukokkursun.com\/#website"},"primaryImageOfPage":{"@id":"https:\/\/ulukokkursun.com\/index.php\/kursun-kulce\/#primaryimage"},"image":{"@id":"https:\/\/ulukokkursun.com\/index.php\/kursun-kulce\/#primaryimage"},"thumbnailUrl":"https:\/\/ulukokkursun.com\/wp-content\/uploads\/2022\/11\/saf-5.jpg","datePublished":"2025-05-06T11:58:30+00:00","dateModified":"2025-05-07T08:59:47+00:00","description":"Kur\u015fun K\u00fcl\u00e7e Kur\u015funun sanayi alan\u0131nda en yayg\u0131n kullan\u0131m \u015fekli k\u00fcl\u00e7e \u015feklinde olan\u0131d\u0131r. Sanayide izolasyon ama\u00e7l\u0131 kullan\u0131lmaktad\u0131r.","breadcrumb":{"@id":"https:\/\/ulukokkursun.com\/index.php\/kursun-kulce\/#breadcrumb"},"inLanguage":"tr","potentialAction":[{"@type":"ReadAction","target":["https:\/\/ulukokkursun.com\/index.php\/kursun-kulce\/"]}]},{"@type":"ImageObject","inLanguage":"tr","@id":"https:\/\/ulukokkursun.com\/index.php\/kursun-kulce\/#primaryimage","url":"https:\/\/ulukokkursun.com\/wp-content\/uploads\/2022\/11\/saf-5.jpg","contentUrl":"https:\/\/ulukokkursun.com\/wp-content\/uploads\/2022\/11\/saf-5.jpg","width":1024,"height":772,"caption":"Kur\u015fun K\u00fcl\u00e7e cami kur\u015fun levha"},{"@type":"BreadcrumbList","@id":"https:\/\/ulukokkursun.com\/index.php\/kursun-kulce\/#breadcrumb","itemListElement":[{"@type":"ListItem","position":1,"name":"Anasayfa","item":"https:\/\/ulukokkursun.com\/"},{"@type":"ListItem","position":2,"name":"Kur\u015fun K\u00fcl\u00e7e"}]},{"@type":"WebSite","@id":"https:\/\/ulukokkursun.com\/#website","url":"https:\/\/ulukokkursun.com\/","name":"Uluk\u00f6k Kur\u015fun","description":"Huda Ak\u00fc, Kur\u015fun Levha","potentialAction":[{"@type":"SearchAction","target":{"@type":"EntryPoint","urlTemplate":"https:\/\/ulukokkursun.com\/?s={search_term_string}"},"query-input":{"@type":"PropertyValueSpecification","valueRequired":true,"valueName":"search_term_string"}}],"inLanguage":"tr"}]}},"_links":{"self":[{"href":"https:\/\/ulukokkursun.com\/index.php\/wp-json\/wp\/v2\/pages\/595","targetHints":{"allow":["GET"]}}],"collection":[{"href":"https:\/\/ulukokkursun.com\/index.php\/wp-json\/wp\/v2\/pages"}],"about":[{"href":"https:\/\/ulukokkursun.com\/index.php\/wp-json\/wp\/v2\/types\/page"}],"author":[{"embeddable":true,"href":"https:\/\/ulukokkursun.com\/index.php\/wp-json\/wp\/v2\/users\/1"}],"replies":[{"embeddable":true,"href":"https:\/\/ulukokkursun.com\/index.php\/wp-json\/wp\/v2\/comments?post=595"}],"version-history":[{"count":17,"href":"https:\/\/ulukokkursun.com\/index.php\/wp-json\/wp\/v2\/pages\/595\/revisions"}],"predecessor-version":[{"id":1314,"href":"https:\/\/ulukokkursun.com\/index.php\/wp-json\/wp\/v2\/pages\/595\/revisions\/1314"}],"wp:featuredmedia":[{"embeddable":true,"href":"https:\/\/ulukokkursun.com\/index.php\/wp-json\/wp\/v2\/media\/611"}],"wp:attachment":[{"href":"https:\/\/ulukokkursun.com\/index.php\/wp-json\/wp\/v2\/media?parent=595"}],"curies":[{"name":"wp","href":"https:\/\/api.w.org\/{rel}","templated":true}]}}