{"id":17,"date":"2016-04-12T10:04:58","date_gmt":"2016-04-12T10:04:58","guid":{"rendered":"https:\/\/ulukokkursun.com\/?page_id=17"},"modified":"2022-11-21T08:19:04","modified_gmt":"2022-11-21T08:19:04","slug":"ulukokkursun-referanslarimiz","status":"publish","type":"page","link":"https:\/\/ulukokkursun.com\/index.php\/ulukokkursun-referanslarimiz\/","title":{"rendered":"Referanslar\u0131m\u0131z"},"content":{"rendered":"","protected":false},"excerpt":{"rendered":"","protected":false},"author":1,"featured_media":0,"parent":0,"menu_order":0,"comment_status":"closed","ping_status":"closed","template":"templates\/template-projects.php","meta":{"footnotes":""},"class_list":["post-17","page","type-page","status-publish","hentry","no-post-thumbnail"],"yoast_head":"<!-- This site is optimized with the Yoast SEO plugin v27.5 - https:\/\/yoast.com\/product\/yoast-seo-wordpress\/ -->\n<title>Referanslar\u0131m\u0131z - Uluk\u00f6k Kur\u015fun<\/title>\n<meta name=\"robots\" content=\"index, follow, max-snippet:-1, max-image-preview:large, max-video-preview:-1\" \/>\n<link rel=\"canonical\" href=\"https:\/\/ulukokkursun.com\/index.php\/ulukokkursun-referanslarimiz\/\" \/>\n<meta property=\"og:locale\" content=\"tr_TR\" \/>\n<meta property=\"og:type\" content=\"article\" \/>\n<meta property=\"og:title\" content=\"Referanslar\u0131m\u0131z - Uluk\u00f6k Kur\u015fun\" \/>\n<meta property=\"og:url\" content=\"https:\/\/ulukokkursun.com\/index.php\/ulukokkursun-referanslarimiz\/\" \/>\n<meta property=\"og:site_name\" content=\"Uluk\u00f6k Kur\u015fun\" \/>\n<meta property=\"article:modified_time\" content=\"2022-11-21T08:19:04+00:00\" \/>\n<meta name=\"twitter:card\" content=\"summary_large_image\" \/>\n<script type=\"application\/ld+json\" class=\"yoast-schema-graph\">{\"@context\":\"https:\\\/\\\/schema.org\",\"@graph\":[{\"@type\":\"WebPage\",\"@id\":\"https:\\\/\\\/ulukokkursun.com\\\/index.php\\\/ulukokkursun-referanslarimiz\\\/\",\"url\":\"https:\\\/\\\/ulukokkursun.com\\\/index.php\\\/ulukokkursun-referanslarimiz\\\/\",\"name\":\"Referanslar\u0131m\u0131z - Uluk\u00f6k Kur\u015fun\",\"isPartOf\":{\"@id\":\"https:\\\/\\\/ulukokkursun.com\\\/#website\"},\"datePublished\":\"2016-04-12T10:04:58+00:00\",\"dateModified\":\"2022-11-21T08:19:04+00:00\",\"breadcrumb\":{\"@id\":\"https:\\\/\\\/ulukokkursun.com\\\/index.php\\\/ulukokkursun-referanslarimiz\\\/#breadcrumb\"},\"inLanguage\":\"tr\",\"potentialAction\":[{\"@type\":\"ReadAction\",\"target\":[\"https:\\\/\\\/ulukokkursun.com\\\/index.php\\\/ulukokkursun-referanslarimiz\\\/\"]}]},{\"@type\":\"BreadcrumbList\",\"@id\":\"https:\\\/\\\/ulukokkursun.com\\\/index.php\\\/ulukokkursun-referanslarimiz\\\/#breadcrumb\",\"itemListElement\":[{\"@type\":\"ListItem\",\"position\":1,\"name\":\"Anasayfa\",\"item\":\"https:\\\/\\\/ulukokkursun.com\\\/\"},{\"@type\":\"ListItem\",\"position\":2,\"name\":\"Referanslar\u0131m\u0131z\"}]},{\"@type\":\"WebSite\",\"@id\":\"https:\\\/\\\/ulukokkursun.com\\\/#website\",\"url\":\"https:\\\/\\\/ulukokkursun.com\\\/\",\"name\":\"Uluk\u00f6k Kur\u015fun\",\"description\":\"Huda Ak\u00fc, Kur\u015fun Levha\",\"potentialAction\":[{\"@type\":\"SearchAction\",\"target\":{\"@type\":\"EntryPoint\",\"urlTemplate\":\"https:\\\/\\\/ulukokkursun.com\\\/?s={search_term_string}\"},\"query-input\":{\"@type\":\"PropertyValueSpecification\",\"valueRequired\":true,\"valueName\":\"search_term_string\"}}],\"inLanguage\":\"tr\"}]}<\/script>\n<!-- \/ Yoast SEO plugin. -->","yoast_head_json":{"title":"Referanslar\u0131m\u0131z - Uluk\u00f6k Kur\u015fun","robots":{"index":"index","follow":"follow","max-snippet":"max-snippet:-1","max-image-preview":"max-image-preview:large","max-video-preview":"max-video-preview:-1"},"canonical":"https:\/\/ulukokkursun.com\/index.php\/ulukokkursun-referanslarimiz\/","og_locale":"tr_TR","og_type":"article","og_title":"Referanslar\u0131m\u0131z - Uluk\u00f6k Kur\u015fun","og_url":"https:\/\/ulukokkursun.com\/index.php\/ulukokkursun-referanslarimiz\/","og_site_name":"Uluk\u00f6k Kur\u015fun","article_modified_time":"2022-11-21T08:19:04+00:00","twitter_card":"summary_large_image","schema":{"@context":"https:\/\/schema.org","@graph":[{"@type":"WebPage","@id":"https:\/\/ulukokkursun.com\/index.php\/ulukokkursun-referanslarimiz\/","url":"https:\/\/ulukokkursun.com\/index.php\/ulukokkursun-referanslarimiz\/","name":"Referanslar\u0131m\u0131z - Uluk\u00f6k Kur\u015fun","isPartOf":{"@id":"https:\/\/ulukokkursun.com\/#website"},"datePublished":"2016-04-12T10:04:58+00:00","dateModified":"2022-11-21T08:19:04+00:00","breadcrumb":{"@id":"https:\/\/ulukokkursun.com\/index.php\/ulukokkursun-referanslarimiz\/#breadcrumb"},"inLanguage":"tr","potentialAction":[{"@type":"ReadAction","target":["https:\/\/ulukokkursun.com\/index.php\/ulukokkursun-referanslarimiz\/"]}]},{"@type":"BreadcrumbList","@id":"https:\/\/ulukokkursun.com\/index.php\/ulukokkursun-referanslarimiz\/#breadcrumb","itemListElement":[{"@type":"ListItem","position":1,"name":"Anasayfa","item":"https:\/\/ulukokkursun.com\/"},{"@type":"ListItem","position":2,"name":"Referanslar\u0131m\u0131z"}]},{"@type":"WebSite","@id":"https:\/\/ulukokkursun.com\/#website","url":"https:\/\/ulukokkursun.com\/","name":"Uluk\u00f6k Kur\u015fun","description":"Huda Ak\u00fc, Kur\u015fun Levha","potentialAction":[{"@type":"SearchAction","target":{"@type":"EntryPoint","urlTemplate":"https:\/\/ulukokkursun.com\/?s={search_term_string}"},"query-input":{"@type":"PropertyValueSpecification","valueRequired":true,"valueName":"search_term_string"}}],"inLanguage":"tr"}]}},"_links":{"self":[{"href":"https:\/\/ulukokkursun.com\/index.php\/wp-json\/wp\/v2\/pages\/17","targetHints":{"allow":["GET"]}}],"collection":[{"href":"https:\/\/ulukokkursun.com\/index.php\/wp-json\/wp\/v2\/pages"}],"about":[{"href":"https:\/\/ulukokkursun.com\/index.php\/wp-json\/wp\/v2\/types\/page"}],"author":[{"embeddable":true,"href":"https:\/\/ulukokkursun.com\/index.php\/wp-json\/wp\/v2\/users\/1"}],"replies":[{"embeddable":true,"href":"https:\/\/ulukokkursun.com\/index.php\/wp-json\/wp\/v2\/comments?post=17"}],"version-history":[{"count":2,"href":"https:\/\/ulukokkursun.com\/index.php\/wp-json\/wp\/v2\/pages\/17\/revisions"}],"predecessor-version":[{"id":766,"href":"https:\/\/ulukokkursun.com\/index.php\/wp-json\/wp\/v2\/pages\/17\/revisions\/766"}],"wp:attachment":[{"href":"https:\/\/ulukokkursun.com\/index.php\/wp-json\/wp\/v2\/media?parent=17"}],"curies":[{"name":"wp","href":"https:\/\/api.w.org\/{rel}","templated":true}]}}