{"id":13,"date":"2022-02-12T10:03:56","date_gmt":"2022-02-12T10:03:56","guid":{"rendered":"https:\/\/ulukokkursun.com\/?page_id=13"},"modified":"2024-01-12T15:18:52","modified_gmt":"2024-01-12T15:18:52","slug":"ulukok-kursun-iletisim","status":"publish","type":"page","link":"https:\/\/ulukokkursun.com\/index.php\/ulukok-kursun-iletisim\/","title":{"rendered":"\u0130leti\u015fim"},"content":{"rendered":"<p>[vc_row][vc_column][vc_column_text]<\/p>\n<h4><\/h4>\n<h4 class=\"no-margin-top\">G\u00fcnl\u00fck LME Fiyatlar \u00fczerinden al\u0131m-sat\u0131m yapmak i\u00e7in aray\u0131n\u0131z.<\/h4>\n<h4 class=\"no-margin-top\"><a class=\"scheme2\" href=\"tel:0(540) 235 0570\">0(540) 235 0570<\/a><\/h4>\n<p>[\/vc_column_text][vc_empty_space height=&#8221;50px&#8221;][\/vc_column][\/vc_row][vc_row full_width=&#8221;stretch_row&#8221; css=&#8221;.vc_custom_1461748192227{padding-top: 50px !important;padding-bottom: 20px !important;background: #f1f2f8 url(https:\/\/ulukokkursun.com\/wp-content\/uploads\/2016\/04\/page-title-bg.png?id=4) !important;background-position: center !important;background-repeat: no-repeat !important;background-size: cover !important;}&#8221;][vc_column width=&#8221;1\/3&#8243;]<div class=\"iconbox   \">\n\t<div class=\"box-header\">\n\t\t<div class=\"box-icon\"><i class=\"fas fa-phone-volume\"><\/i><\/div>\n\t\t<h5 class=\"box-title\">Telefon Numaralar\u0131m\u0131z<\/h5>\n\t<\/div>\n\t<div class=\"box-content\">\n\t\t<p><strong>Tel:<\/strong> +90(342) 235 0570<br \/>\n<strong>Fax:<\/strong> +90(342) 235 0570<br \/>\n<strong>Mobile:<\/strong>+90(530) 344 5595<\/p>\n\n\t\t\n\t<\/div>\n<\/div>[vc_empty_space height=&#8221;30px&#8221;][\/vc_column][vc_column width=&#8221;1\/3&#8243;]<div class=\"iconbox   \">\n\t<div class=\"box-header\">\n\t\t<div class=\"box-icon\"><i class=\"far fa-clock\"><\/i><\/div>\n\t\t<h5 class=\"box-title\">\u00c7al\u0131\u015fma Saatlerimiz<\/h5>\n\t<\/div>\n\t<div class=\"box-content\">\n\t\t<\/p>\n<p><strong>Ptesi-Cuma:<\/strong> 8.00 \u2013 18.00<br \/>\n<strong>Cumartesi:<\/strong> 8:00 \u2013 16.00<br \/>\n<strong>Pazar:<\/strong> Kapal\u0131<\/p>\n\n\t\t\n\t<\/div>\n<\/div>[vc_empty_space height=&#8221;30px&#8221;][\/vc_column][vc_column width=&#8221;1\/3&#8243;]<div class=\"iconbox   \">\n\t<div class=\"box-header\">\n\t\t<div class=\"box-icon\"><i class=\"fas fa-map-signs\"><\/i><\/div>\n\t\t<h5 class=\"box-title\">Posta Adresimiz<\/h5>\n\t<\/div>\n\t<div class=\"box-content\">\n\t\t<p><strong>Uluk\u00f6k Kur\u015fun\u00a0<\/strong><br \/>\nSanayi Mah. 60496, Nolu Cd No:1, 27110 \u015eehitkamil\/Gaziantep\/T\u00dcRK\u0130YE<\/p>\n\n\t\t\n\t<\/div>\n<\/div>[vc_empty_space height=&#8221;30px&#8221;][\/vc_column][\/vc_row][vc_row css=&#8221;.vc_custom_1461748029913{padding-top: 60px !important;padding-bottom: 30px !important;}&#8221;][vc_column width=&#8221;1\/3&#8243;][vc_column_text]<\/p>\n<h4 class=\"no-margin-top\">\u0130LET\u0130\u015e\u0130M FORMU<\/h4>\n<p>\u0130leti\u015fim formu g\u00f6nderileri kay\u0131t alt\u0131na al\u0131nmakta olup, maksimum bir i\u015f g\u00fcn\u00fc i\u00e7erisinde cevaplanmaktad\u0131r.<\/p>\n<p>Size ula\u015fabilmemiz i\u00e7in girdi\u011finiz bilgilerinizin do\u011fru oldu\u011fundan emin olunuz. Bu form arac\u0131l\u0131\u011f\u0131yla bildirmi\u015f oldu\u011funuz ki\u015fisel bilgileriniz \u00fc\u00e7\u00fcnc\u00fc ki\u015filerle payla\u015f\u0131lmayacak olup, reklam unsuru olarak kullan\u0131lmayacakt\u0131r.[\/vc_column_text][vc_empty_space height=&#8221;20px&#8221;][vc_raw_html]JTNDZGl2JTIwY2xhc3MlM0QlMjJzb2NpYWwtbGlua3MlMjIlM0UlMEElMDklM0NhJTIwaHJlZiUzRCUyMmh0dHBzJTNBJTJGJTJGdHdpdHRlci5jb20lMkZsaW5ldGhlbWVzJTIyJTIwdGFyZ2V0JTNEJTIyX2JsYW5rJTIyJTNFJTNDaSUyMGNsYXNzJTNEJTIyZmElMjBmYS10d2l0dGVyJTIyJTNFJTNDJTJGaSUzRSUzQyUyRmElM0UlM0NhJTIwaHJlZiUzRCUyMmh0dHBzJTNBJTJGJTJGZmFjZWJvb2suY29tJTJGdGhlbGluZXRoZW1lcyUyMiUyMHRhcmdldCUzRCUyMl9ibGFuayUyMiUzRSUzQ2klMjBjbGFzcyUzRCUyMmZhJTIwZmEtZmFjZWJvb2stb2ZmaWNpYWwlMjIlM0UlM0MlMkZpJTNFJTNDJTJGYSUzRSUzQ2ElMjBocmVmJTNEJTIyJTIzJTIyJTIwdGFyZ2V0JTNEJTIyX2JsYW5rJTIyJTNFJTNDaSUyMGNsYXNzJTNEJTIyZmElMjBmYS1nb29nbGUtcGx1cyUyMiUzRSUzQyUyRmklM0UlM0MlMkZhJTNFJTNDJTJGZGl2JTNF[\/vc_raw_html][vc_empty_space height=&#8221;30px&#8221;][\/vc_column][vc_column width=&#8221;2\/3&#8243;]\n<div class=\"wpcf7 no-js\" id=\"wpcf7-f226-o1\" lang=\"en-US\" dir=\"ltr\" data-wpcf7-id=\"226\">\n<div class=\"screen-reader-response\"><p role=\"status\" aria-live=\"polite\" aria-atomic=\"true\"><\/p> <ul><\/ul><\/div>\n<form action=\"\/index.php\/wp-json\/wp\/v2\/pages\/13#wpcf7-f226-o1\" method=\"post\" class=\"wpcf7-form init\" aria-label=\"Contact form\" novalidate=\"novalidate\" data-status=\"init\">\n<fieldset class=\"hidden-fields-container\"><input type=\"hidden\" name=\"_wpcf7\" value=\"226\" \/><input type=\"hidden\" name=\"_wpcf7_version\" value=\"6.1.5\" \/><input type=\"hidden\" name=\"_wpcf7_locale\" value=\"en_US\" \/><input type=\"hidden\" name=\"_wpcf7_unit_tag\" value=\"wpcf7-f226-o1\" \/><input type=\"hidden\" name=\"_wpcf7_container_post\" value=\"0\" \/><input type=\"hidden\" name=\"_wpcf7_posted_data_hash\" value=\"\" \/>\n<\/fieldset>\n<div class=\"contact-form\">\n\t<div class=\"row\">\n\t\t<div class=\"columns columns-6\">\n\t\t\t<p><span><span class=\"wpcf7-form-control-wrap\" data-name=\"text-693\"><input size=\"40\" maxlength=\"400\" class=\"wpcf7-form-control wpcf7-text\" aria-invalid=\"false\" placeholder=\"Ad Soyad\" value=\"\" type=\"text\" name=\"text-693\" \/><\/span><\/span><br \/>\n<span><span class=\"wpcf7-form-control-wrap\" data-name=\"email-414\"><input size=\"40\" maxlength=\"400\" class=\"wpcf7-form-control wpcf7-email wpcf7-text wpcf7-validates-as-email\" aria-invalid=\"false\" placeholder=\"E-posta\" value=\"\" type=\"email\" name=\"email-414\" \/><\/span><\/span><br \/>\n<span><span class=\"wpcf7-form-control-wrap\" data-name=\"tel-577\"><input size=\"40\" maxlength=\"400\" class=\"wpcf7-form-control wpcf7-tel wpcf7-text wpcf7-validates-as-tel\" aria-invalid=\"false\" placeholder=\"Telefon\" value=\"\" type=\"tel\" name=\"tel-577\" \/><\/span><\/span><br \/>\n<span><span class=\"wpcf7-form-control-wrap\" data-name=\"text-31\"><input size=\"40\" maxlength=\"400\" class=\"wpcf7-form-control wpcf7-text\" aria-invalid=\"false\" placeholder=\"Konu\" value=\"\" type=\"text\" name=\"text-31\" \/><\/span><\/span>\n\t\t\t<\/p>\n\t\t<\/div>\n\t\t<div class=\"columns columns-6\">\n\t\t\t<p><span><span class=\"wpcf7-form-control-wrap\" data-name=\"textarea-880\"><textarea cols=\"40\" rows=\"10\" maxlength=\"2000\" class=\"wpcf7-form-control wpcf7-textarea\" aria-invalid=\"false\" placeholder=\"Mesaj\u0131n\u0131z\" name=\"textarea-880\"><\/textarea><\/span><\/span><br \/>\n<span><input class=\"wpcf7-form-control wpcf7-submit has-spinner button\" type=\"submit\" value=\"G\u00f6nder\" \/><\/span>\n\t\t\t<\/p>\n\t\t<\/div>\n\t<\/div>\n<\/div><p style=\"display: none !important;\" class=\"akismet-fields-container\" data-prefix=\"_wpcf7_ak_\"><label>&#916;<textarea name=\"_wpcf7_ak_hp_textarea\" cols=\"45\" rows=\"8\" maxlength=\"100\"><\/textarea><\/label><input type=\"hidden\" id=\"ak_js_1\" name=\"_wpcf7_ak_js\" value=\"183\"\/><script type=\"text\/javascript\">\n\/* <![CDATA[ *\/\ndocument.getElementById( \"ak_js_1\" ).setAttribute( \"value\", ( new Date() ).getTime() );\n\/* ]]> *\/\n<\/script>\n<\/p><div class=\"wpcf7-response-output\" aria-hidden=\"true\"><\/div>\n<\/form>\n<\/div>\n[\/vc_column][\/vc_row][vc_row full_width=&#8221;stretch_row_content_no_spaces&#8221; css=&#8221;.vc_custom_1461768125362{margin-bottom: -50px !important;border-top-width: 1px !important;border-top-color: rgba(23,76,129,0.1) !important;border-top-style: solid !important;}&#8221;][vc_column][vc_gmaps link=&#8221;#E-8_JTNDaWZyYW1lJTIwc3JjJTNEJTIyaHR0cHMlM0ElMkYlMkZ3d3cuZ29vZ2xlLmNvbSUyRm1hcHMlMkZlbWJlZCUzRnBiJTNEJTIxMW0xOCUyMTFtMTIlMjExbTMlMjExZDIyNTEuMDY4MDM3MDA2NzczNSUyMTJkMzcuNDMwNTg2MzUzMzM2NDQlMjEzZDM3LjA2OTYxMjMyNzUwNzI4NiUyMTJtMyUyMTFmMCUyMTJmMCUyMTNmMCUyMTNtMiUyMTFpMTAyNCUyMTJpNzY4JTIxNGYxMy4xJTIxM20zJTIxMW0yJTIxMXMweDE1MzFlNWM4NzI3OGU0ZDMlMjUzQTB4NThlZmQyYjdhOTM4NjI1YiUyMTJ6Vld4MWE4TzJheUJMZFhMRm4zVnUlMjE1ZTAlMjEzbTIlMjExc3RyJTIxMnN0ciUyMTR2MTY2OTQ3MzI2Mzc0NSUyMTVtMiUyMTFzdHIlMjEyc3RyJTIyJTIwd2lkdGglM0QlMjI2MDAlMjIlMjBoZWlnaHQlM0QlMjI0NTAlMjIlMjBzdHlsZSUzRCUyMmJvcmRlciUzQTAlM0IlMjIlMjBhbGxvd2Z1bGxzY3JlZW4lM0QlMjIlMjIlMjBsb2FkaW5nJTNEJTIybGF6eSUyMiUyMHJlZmVycmVycG9saWN5JTNEJTIybm8tcmVmZXJyZXItd2hlbi1kb3duZ3JhZGUlMjIlM0UlM0MlMkZpZnJhbWUlM0U=&#8221;][\/vc_column][\/vc_row]<\/p>\n","protected":false},"excerpt":{"rendered":"<p>[vc_row][vc_column][vc_column_text] G\u00fcnl\u00fck LME Fiyatlar \u00fczerinden al\u0131m-sat\u0131m yapmak i\u00e7in aray\u0131n\u0131z. 0(540) 235 0570 [\/vc_column_text][vc_empty_space height=&#8221;50px&#8221;][\/vc_column][\/vc_row][vc_row full_width=&#8221;stretch_row&#8221; css=&#8221;.vc_custom_1461748192227{padding-top: 50px !important;padding-bottom: 20px !important;background: #f1f2f8 url(https:\/\/ulukokkursun.com\/wp-content\/uploads\/2016\/04\/page-title-bg.png?id=4) !important;background-position: center !important;background-repeat: no-repeat !important;background-size: cover !important;}&#8221;][vc_column width=&#8221;1\/3&#8243;][vc_empty_space height=&#8221;30px&#8221;][\/vc_column][vc_column width=&#8221;1\/3&#8243;][vc_empty_space height=&#8221;30px&#8221;][\/vc_column][vc_column width=&#8221;1\/3&#8243;][vc_empty_space height=&#8221;30px&#8221;][\/vc_column][\/vc_row][vc_row css=&#8221;.vc_custom_1461748029913{padding-top: 60px !important;padding-bottom: 30px !important;}&#8221;][vc_column width=&#8221;1\/3&#8243;][vc_column_text] \u0130LET\u0130\u015e\u0130M FORMU \u0130leti\u015fim formu g\u00f6nderileri kay\u0131t alt\u0131na al\u0131nmakta olup, maksimum bir i\u015f g\u00fcn\u00fc i\u00e7erisinde [&hellip;]<\/p>\n","protected":false},"author":1,"featured_media":1030,"parent":0,"menu_order":0,"comment_status":"closed","ping_status":"closed","template":"","meta":{"footnotes":""},"class_list":["post-13","page","type-page","status-publish","has-post-thumbnail","hentry"],"yoast_head":"<!-- This site is optimized with the Yoast SEO plugin v27.5 - https:\/\/yoast.com\/product\/yoast-seo-wordpress\/ -->\n<title>Uluk\u00f6k Kur\u015fun | \u0130leti\u015fim | 0(530) 344 5595 | Muhittin \u00c7OPUR<\/title>\n<meta name=\"description\" content=\"\u0130\u015finizi \u015eansa B\u0131rakmay\u0131n! Hemen Uluk\u00f6k Kur\u015fun M\u00fc\u015fteri Temsilcinizi Aray\u0131n.Firmam\u0131z 47 y\u0131ld\u0131r en saf ve uzun \u00f6m\u00fcrl\u00fc kur\u015funu \u00fcretmektedir.\" \/>\n<meta name=\"robots\" content=\"index, follow, max-snippet:-1, max-image-preview:large, max-video-preview:-1\" \/>\n<link rel=\"canonical\" href=\"https:\/\/ulukokkursun.com\/index.php\/ulukok-kursun-iletisim\/\" \/>\n<meta property=\"og:locale\" content=\"tr_TR\" \/>\n<meta property=\"og:type\" content=\"article\" \/>\n<meta property=\"og:title\" content=\"Uluk\u00f6k Kur\u015fun | \u0130leti\u015fim | 0(530) 344 5595 | Muhittin \u00c7OPUR\" \/>\n<meta property=\"og:description\" content=\"\u0130\u015finizi \u015eansa B\u0131rakmay\u0131n! Hemen Uluk\u00f6k Kur\u015fun M\u00fc\u015fteri Temsilcinizi Aray\u0131n.Firmam\u0131z 47 y\u0131ld\u0131r en saf ve uzun \u00f6m\u00fcrl\u00fc kur\u015funu \u00fcretmektedir.\" \/>\n<meta property=\"og:url\" content=\"https:\/\/ulukokkursun.com\/index.php\/ulukok-kursun-iletisim\/\" \/>\n<meta property=\"og:site_name\" content=\"Uluk\u00f6k Kur\u015fun\" \/>\n<meta property=\"article:modified_time\" content=\"2024-01-12T15:18:52+00:00\" \/>\n<meta property=\"og:image\" content=\"https:\/\/ulukokkursun.com\/wp-content\/uploads\/2023\/03\/kursun_levha_700_500.png\" \/>\n\t<meta property=\"og:image:width\" content=\"700\" \/>\n\t<meta property=\"og:image:height\" content=\"500\" \/>\n\t<meta property=\"og:image:type\" content=\"image\/png\" \/>\n<meta name=\"twitter:card\" content=\"summary_large_image\" \/>\n<meta name=\"twitter:label1\" content=\"Tahmini okuma s\u00fcresi\" \/>\n\t<meta name=\"twitter:data1\" content=\"2 dakika\" \/>\n<script type=\"application\/ld+json\" class=\"yoast-schema-graph\">{\"@context\":\"https:\\\/\\\/schema.org\",\"@graph\":[{\"@type\":\"WebPage\",\"@id\":\"https:\\\/\\\/ulukokkursun.com\\\/index.php\\\/ulukok-kursun-iletisim\\\/\",\"url\":\"https:\\\/\\\/ulukokkursun.com\\\/index.php\\\/ulukok-kursun-iletisim\\\/\",\"name\":\"Uluk\u00f6k Kur\u015fun | \u0130leti\u015fim | 0(530) 344 5595 | Muhittin \u00c7OPUR\",\"isPartOf\":{\"@id\":\"https:\\\/\\\/ulukokkursun.com\\\/#website\"},\"primaryImageOfPage\":{\"@id\":\"https:\\\/\\\/ulukokkursun.com\\\/index.php\\\/ulukok-kursun-iletisim\\\/#primaryimage\"},\"image\":{\"@id\":\"https:\\\/\\\/ulukokkursun.com\\\/index.php\\\/ulukok-kursun-iletisim\\\/#primaryimage\"},\"thumbnailUrl\":\"https:\\\/\\\/ulukokkursun.com\\\/wp-content\\\/uploads\\\/2023\\\/03\\\/kursun_levha_700_500.png\",\"datePublished\":\"2022-02-12T10:03:56+00:00\",\"dateModified\":\"2024-01-12T15:18:52+00:00\",\"description\":\"\u0130\u015finizi \u015eansa B\u0131rakmay\u0131n! Hemen Uluk\u00f6k Kur\u015fun M\u00fc\u015fteri Temsilcinizi Aray\u0131n.Firmam\u0131z 47 y\u0131ld\u0131r en saf ve uzun \u00f6m\u00fcrl\u00fc kur\u015funu \u00fcretmektedir.\",\"breadcrumb\":{\"@id\":\"https:\\\/\\\/ulukokkursun.com\\\/index.php\\\/ulukok-kursun-iletisim\\\/#breadcrumb\"},\"inLanguage\":\"tr\",\"potentialAction\":[{\"@type\":\"ReadAction\",\"target\":[\"https:\\\/\\\/ulukokkursun.com\\\/index.php\\\/ulukok-kursun-iletisim\\\/\"]}]},{\"@type\":\"ImageObject\",\"inLanguage\":\"tr\",\"@id\":\"https:\\\/\\\/ulukokkursun.com\\\/index.php\\\/ulukok-kursun-iletisim\\\/#primaryimage\",\"url\":\"https:\\\/\\\/ulukokkursun.com\\\/wp-content\\\/uploads\\\/2023\\\/03\\\/kursun_levha_700_500.png\",\"contentUrl\":\"https:\\\/\\\/ulukokkursun.com\\\/wp-content\\\/uploads\\\/2023\\\/03\\\/kursun_levha_700_500.png\",\"width\":700,\"height\":500,\"caption\":\"kur\u015fun levha camii\"},{\"@type\":\"BreadcrumbList\",\"@id\":\"https:\\\/\\\/ulukokkursun.com\\\/index.php\\\/ulukok-kursun-iletisim\\\/#breadcrumb\",\"itemListElement\":[{\"@type\":\"ListItem\",\"position\":1,\"name\":\"Anasayfa\",\"item\":\"https:\\\/\\\/ulukokkursun.com\\\/\"},{\"@type\":\"ListItem\",\"position\":2,\"name\":\"\u0130leti\u015fim\"}]},{\"@type\":\"WebSite\",\"@id\":\"https:\\\/\\\/ulukokkursun.com\\\/#website\",\"url\":\"https:\\\/\\\/ulukokkursun.com\\\/\",\"name\":\"Uluk\u00f6k Kur\u015fun\",\"description\":\"Huda Ak\u00fc, Kur\u015fun Levha\",\"potentialAction\":[{\"@type\":\"SearchAction\",\"target\":{\"@type\":\"EntryPoint\",\"urlTemplate\":\"https:\\\/\\\/ulukokkursun.com\\\/?s={search_term_string}\"},\"query-input\":{\"@type\":\"PropertyValueSpecification\",\"valueRequired\":true,\"valueName\":\"search_term_string\"}}],\"inLanguage\":\"tr\"}]}<\/script>\n<!-- \/ Yoast SEO plugin. -->","yoast_head_json":{"title":"Uluk\u00f6k Kur\u015fun | \u0130leti\u015fim | 0(530) 344 5595 | Muhittin \u00c7OPUR","description":"\u0130\u015finizi \u015eansa B\u0131rakmay\u0131n! Hemen Uluk\u00f6k Kur\u015fun M\u00fc\u015fteri Temsilcinizi Aray\u0131n.Firmam\u0131z 47 y\u0131ld\u0131r en saf ve uzun \u00f6m\u00fcrl\u00fc kur\u015funu \u00fcretmektedir.","robots":{"index":"index","follow":"follow","max-snippet":"max-snippet:-1","max-image-preview":"max-image-preview:large","max-video-preview":"max-video-preview:-1"},"canonical":"https:\/\/ulukokkursun.com\/index.php\/ulukok-kursun-iletisim\/","og_locale":"tr_TR","og_type":"article","og_title":"Uluk\u00f6k Kur\u015fun | \u0130leti\u015fim | 0(530) 344 5595 | Muhittin \u00c7OPUR","og_description":"\u0130\u015finizi \u015eansa B\u0131rakmay\u0131n! Hemen Uluk\u00f6k Kur\u015fun M\u00fc\u015fteri Temsilcinizi Aray\u0131n.Firmam\u0131z 47 y\u0131ld\u0131r en saf ve uzun \u00f6m\u00fcrl\u00fc kur\u015funu \u00fcretmektedir.","og_url":"https:\/\/ulukokkursun.com\/index.php\/ulukok-kursun-iletisim\/","og_site_name":"Uluk\u00f6k Kur\u015fun","article_modified_time":"2024-01-12T15:18:52+00:00","og_image":[{"width":700,"height":500,"url":"https:\/\/ulukokkursun.com\/wp-content\/uploads\/2023\/03\/kursun_levha_700_500.png","type":"image\/png"}],"twitter_card":"summary_large_image","twitter_misc":{"Tahmini okuma s\u00fcresi":"2 dakika"},"schema":{"@context":"https:\/\/schema.org","@graph":[{"@type":"WebPage","@id":"https:\/\/ulukokkursun.com\/index.php\/ulukok-kursun-iletisim\/","url":"https:\/\/ulukokkursun.com\/index.php\/ulukok-kursun-iletisim\/","name":"Uluk\u00f6k Kur\u015fun | \u0130leti\u015fim | 0(530) 344 5595 | Muhittin \u00c7OPUR","isPartOf":{"@id":"https:\/\/ulukokkursun.com\/#website"},"primaryImageOfPage":{"@id":"https:\/\/ulukokkursun.com\/index.php\/ulukok-kursun-iletisim\/#primaryimage"},"image":{"@id":"https:\/\/ulukokkursun.com\/index.php\/ulukok-kursun-iletisim\/#primaryimage"},"thumbnailUrl":"https:\/\/ulukokkursun.com\/wp-content\/uploads\/2023\/03\/kursun_levha_700_500.png","datePublished":"2022-02-12T10:03:56+00:00","dateModified":"2024-01-12T15:18:52+00:00","description":"\u0130\u015finizi \u015eansa B\u0131rakmay\u0131n! Hemen Uluk\u00f6k Kur\u015fun M\u00fc\u015fteri Temsilcinizi Aray\u0131n.Firmam\u0131z 47 y\u0131ld\u0131r en saf ve uzun \u00f6m\u00fcrl\u00fc kur\u015funu \u00fcretmektedir.","breadcrumb":{"@id":"https:\/\/ulukokkursun.com\/index.php\/ulukok-kursun-iletisim\/#breadcrumb"},"inLanguage":"tr","potentialAction":[{"@type":"ReadAction","target":["https:\/\/ulukokkursun.com\/index.php\/ulukok-kursun-iletisim\/"]}]},{"@type":"ImageObject","inLanguage":"tr","@id":"https:\/\/ulukokkursun.com\/index.php\/ulukok-kursun-iletisim\/#primaryimage","url":"https:\/\/ulukokkursun.com\/wp-content\/uploads\/2023\/03\/kursun_levha_700_500.png","contentUrl":"https:\/\/ulukokkursun.com\/wp-content\/uploads\/2023\/03\/kursun_levha_700_500.png","width":700,"height":500,"caption":"kur\u015fun levha camii"},{"@type":"BreadcrumbList","@id":"https:\/\/ulukokkursun.com\/index.php\/ulukok-kursun-iletisim\/#breadcrumb","itemListElement":[{"@type":"ListItem","position":1,"name":"Anasayfa","item":"https:\/\/ulukokkursun.com\/"},{"@type":"ListItem","position":2,"name":"\u0130leti\u015fim"}]},{"@type":"WebSite","@id":"https:\/\/ulukokkursun.com\/#website","url":"https:\/\/ulukokkursun.com\/","name":"Uluk\u00f6k Kur\u015fun","description":"Huda Ak\u00fc, Kur\u015fun Levha","potentialAction":[{"@type":"SearchAction","target":{"@type":"EntryPoint","urlTemplate":"https:\/\/ulukokkursun.com\/?s={search_term_string}"},"query-input":{"@type":"PropertyValueSpecification","valueRequired":true,"valueName":"search_term_string"}}],"inLanguage":"tr"}]}},"_links":{"self":[{"href":"https:\/\/ulukokkursun.com\/index.php\/wp-json\/wp\/v2\/pages\/13","targetHints":{"allow":["GET"]}}],"collection":[{"href":"https:\/\/ulukokkursun.com\/index.php\/wp-json\/wp\/v2\/pages"}],"about":[{"href":"https:\/\/ulukokkursun.com\/index.php\/wp-json\/wp\/v2\/types\/page"}],"author":[{"embeddable":true,"href":"https:\/\/ulukokkursun.com\/index.php\/wp-json\/wp\/v2\/users\/1"}],"replies":[{"embeddable":true,"href":"https:\/\/ulukokkursun.com\/index.php\/wp-json\/wp\/v2\/comments?post=13"}],"version-history":[{"count":27,"href":"https:\/\/ulukokkursun.com\/index.php\/wp-json\/wp\/v2\/pages\/13\/revisions"}],"predecessor-version":[{"id":1096,"href":"https:\/\/ulukokkursun.com\/index.php\/wp-json\/wp\/v2\/pages\/13\/revisions\/1096"}],"wp:featuredmedia":[{"embeddable":true,"href":"https:\/\/ulukokkursun.com\/index.php\/wp-json\/wp\/v2\/media\/1030"}],"wp:attachment":[{"href":"https:\/\/ulukokkursun.com\/index.php\/wp-json\/wp\/v2\/media?parent=13"}],"curies":[{"name":"wp","href":"https:\/\/api.w.org\/{rel}","templated":true}]}}